{"id":8293,"date":"2021-06-01T07:50:37","date_gmt":"2021-06-01T11:50:37","guid":{"rendered":"https:\/\/int.design\/concours\/grands-prix-du-design-13e-edition\/partenaires\/opportunites-de-partenariat-2\/"},"modified":"2026-04-25T08:22:03","modified_gmt":"2026-04-25T12:22:03","slug":"info-gala","status":"publish","type":"page","link":"https:\/\/int.design\/fr\/grands-prix-du-design\/gala\/info-gala\/","title":{"rendered":"Assister aux Galas"},"content":{"rendered":"","protected":false},"excerpt":{"rendered":"","protected":false},"author":6,"featured_media":0,"parent":6733,"menu_order":0,"comment_status":"closed","ping_status":"closed","template":"views\/template-contest-info.blade.php","meta":{"content-type":"","footnotes":""},"contest_category":[],"class_list":["post-8293","page","type-page","status-publish","hentry"],"acf":[],"yoast_head":"<!-- This site is optimized with the Yoast SEO plugin v21.5 - https:\/\/yoast.com\/wordpress\/plugins\/seo\/ -->\n<title>Infos Galas des GRANDS PRIX DU DESIGN - INT.design<\/title>\n<meta name=\"description\" content=\"Assistez aux Galas des GRANDS PRIX DU DESIGN. D\u00e9couvrez les informations pratiques et r\u00e9servez vos billets pour c\u00e9l\u00e9brer les projets et talents de l\u2019ann\u00e9e.\" \/>\n<meta name=\"robots\" content=\"index, follow, max-snippet:-1, max-image-preview:large, max-video-preview:-1\" \/>\n<link rel=\"canonical\" href=\"https:\/\/int.design\/fr\/grands-prix-du-design\/gala\/info-gala\/\" \/>\n<meta property=\"og:locale\" content=\"fr_FR\" \/>\n<meta property=\"og:type\" content=\"article\" \/>\n<meta property=\"og:title\" content=\"Infos Galas des GRANDS PRIX DU DESIGN - INT.design\" \/>\n<meta property=\"og:description\" content=\"Assistez aux Galas des GRANDS PRIX DU DESIGN. D\u00e9couvrez les informations pratiques et r\u00e9servez vos billets pour c\u00e9l\u00e9brer les projets et talents de l\u2019ann\u00e9e.\" \/>\n<meta property=\"og:url\" content=\"https:\/\/int.design\/fr\/grands-prix-du-design\/gala\/info-gala\/\" \/>\n<meta property=\"og:site_name\" content=\"INT Design\" \/>\n<meta property=\"article:modified_time\" content=\"2026-04-25T12:22:03+00:00\" \/>\n<meta name=\"twitter:card\" content=\"summary_large_image\" \/>\n<script type=\"application\/ld+json\" class=\"yoast-schema-graph\">{\"@context\":\"https:\/\/schema.org\",\"@graph\":[{\"@type\":\"WebPage\",\"@id\":\"https:\/\/int.design\/fr\/grands-prix-du-design\/gala\/info-gala\/\",\"url\":\"https:\/\/int.design\/fr\/grands-prix-du-design\/gala\/info-gala\/\",\"name\":\"Infos Galas des GRANDS PRIX DU DESIGN - INT.design\",\"isPartOf\":{\"@id\":\"https:\/\/int.design\/fr\/#website\"},\"datePublished\":\"2021-06-01T11:50:37+00:00\",\"dateModified\":\"2026-04-25T12:22:03+00:00\",\"description\":\"Assistez aux Galas des GRANDS PRIX DU DESIGN. D\u00e9couvrez les informations pratiques et r\u00e9servez vos billets pour c\u00e9l\u00e9brer les projets et talents de l\u2019ann\u00e9e.\",\"breadcrumb\":{\"@id\":\"https:\/\/int.design\/fr\/grands-prix-du-design\/gala\/info-gala\/#breadcrumb\"},\"inLanguage\":\"fr-FR\",\"potentialAction\":[{\"@type\":\"ReadAction\",\"target\":[\"https:\/\/int.design\/fr\/grands-prix-du-design\/gala\/info-gala\/\"]}]},{\"@type\":\"BreadcrumbList\",\"@id\":\"https:\/\/int.design\/fr\/grands-prix-du-design\/gala\/info-gala\/#breadcrumb\",\"itemListElement\":[{\"@type\":\"ListItem\",\"position\":1,\"name\":\"Home\",\"item\":\"https:\/\/int.design\/fr\/\"},{\"@type\":\"ListItem\",\"position\":2,\"name\":\"Grands Prix du Design\",\"item\":\"https:\/\/int.design\/fr\/grands-prix-du-design\/\"},{\"@type\":\"ListItem\",\"position\":3,\"name\":\"Gala\",\"item\":\"https:\/\/int.design\/fr\/grands-prix-du-design\/gala\/\"},{\"@type\":\"ListItem\",\"position\":4,\"name\":\"Assister aux Galas\"}]},{\"@type\":\"WebSite\",\"@id\":\"https:\/\/int.design\/fr\/#website\",\"url\":\"https:\/\/int.design\/fr\/\",\"name\":\"INT Design\",\"description\":\"\",\"potentialAction\":[{\"@type\":\"SearchAction\",\"target\":{\"@type\":\"EntryPoint\",\"urlTemplate\":\"https:\/\/int.design\/fr\/?s={search_term_string}\"},\"query-input\":\"required name=search_term_string\"}],\"inLanguage\":\"fr-FR\"}]}<\/script>\n<!-- \/ Yoast SEO plugin. -->","yoast_head_json":{"title":"Infos Galas des GRANDS PRIX DU DESIGN - INT.design","description":"Assistez aux Galas des GRANDS PRIX DU DESIGN. D\u00e9couvrez les informations pratiques et r\u00e9servez vos billets pour c\u00e9l\u00e9brer les projets et talents de l\u2019ann\u00e9e.","robots":{"index":"index","follow":"follow","max-snippet":"max-snippet:-1","max-image-preview":"max-image-preview:large","max-video-preview":"max-video-preview:-1"},"canonical":"https:\/\/int.design\/fr\/grands-prix-du-design\/gala\/info-gala\/","og_locale":"fr_FR","og_type":"article","og_title":"Infos Galas des GRANDS PRIX DU DESIGN - INT.design","og_description":"Assistez aux Galas des GRANDS PRIX DU DESIGN. D\u00e9couvrez les informations pratiques et r\u00e9servez vos billets pour c\u00e9l\u00e9brer les projets et talents de l\u2019ann\u00e9e.","og_url":"https:\/\/int.design\/fr\/grands-prix-du-design\/gala\/info-gala\/","og_site_name":"INT Design","article_modified_time":"2026-04-25T12:22:03+00:00","twitter_card":"summary_large_image","schema":{"@context":"https:\/\/schema.org","@graph":[{"@type":"WebPage","@id":"https:\/\/int.design\/fr\/grands-prix-du-design\/gala\/info-gala\/","url":"https:\/\/int.design\/fr\/grands-prix-du-design\/gala\/info-gala\/","name":"Infos Galas des GRANDS PRIX DU DESIGN - INT.design","isPartOf":{"@id":"https:\/\/int.design\/fr\/#website"},"datePublished":"2021-06-01T11:50:37+00:00","dateModified":"2026-04-25T12:22:03+00:00","description":"Assistez aux Galas des GRANDS PRIX DU DESIGN. D\u00e9couvrez les informations pratiques et r\u00e9servez vos billets pour c\u00e9l\u00e9brer les projets et talents de l\u2019ann\u00e9e.","breadcrumb":{"@id":"https:\/\/int.design\/fr\/grands-prix-du-design\/gala\/info-gala\/#breadcrumb"},"inLanguage":"fr-FR","potentialAction":[{"@type":"ReadAction","target":["https:\/\/int.design\/fr\/grands-prix-du-design\/gala\/info-gala\/"]}]},{"@type":"BreadcrumbList","@id":"https:\/\/int.design\/fr\/grands-prix-du-design\/gala\/info-gala\/#breadcrumb","itemListElement":[{"@type":"ListItem","position":1,"name":"Home","item":"https:\/\/int.design\/fr\/"},{"@type":"ListItem","position":2,"name":"Grands Prix du Design","item":"https:\/\/int.design\/fr\/grands-prix-du-design\/"},{"@type":"ListItem","position":3,"name":"Gala","item":"https:\/\/int.design\/fr\/grands-prix-du-design\/gala\/"},{"@type":"ListItem","position":4,"name":"Assister aux Galas"}]},{"@type":"WebSite","@id":"https:\/\/int.design\/fr\/#website","url":"https:\/\/int.design\/fr\/","name":"INT Design","description":"","potentialAction":[{"@type":"SearchAction","target":{"@type":"EntryPoint","urlTemplate":"https:\/\/int.design\/fr\/?s={search_term_string}"},"query-input":"required name=search_term_string"}],"inLanguage":"fr-FR"}]}},"_links":{"self":[{"href":"https:\/\/int.design\/fr\/wp-json\/wp\/v2\/pages\/8293","targetHints":{"allow":["GET"]}}],"collection":[{"href":"https:\/\/int.design\/fr\/wp-json\/wp\/v2\/pages"}],"about":[{"href":"https:\/\/int.design\/fr\/wp-json\/wp\/v2\/types\/page"}],"author":[{"embeddable":true,"href":"https:\/\/int.design\/fr\/wp-json\/wp\/v2\/users\/6"}],"replies":[{"embeddable":true,"href":"https:\/\/int.design\/fr\/wp-json\/wp\/v2\/comments?post=8293"}],"version-history":[{"count":154,"href":"https:\/\/int.design\/fr\/wp-json\/wp\/v2\/pages\/8293\/revisions"}],"predecessor-version":[{"id":149451,"href":"https:\/\/int.design\/fr\/wp-json\/wp\/v2\/pages\/8293\/revisions\/149451"}],"up":[{"embeddable":true,"href":"https:\/\/int.design\/fr\/wp-json\/wp\/v2\/pages\/6733"}],"wp:attachment":[{"href":"https:\/\/int.design\/fr\/wp-json\/wp\/v2\/media?parent=8293"}],"wp:term":[{"taxonomy":"contest_category","embeddable":true,"href":"https:\/\/int.design\/fr\/wp-json\/wp\/v2\/contest_category?post=8293"}],"curies":[{"name":"wp","href":"https:\/\/api.w.org\/{rel}","templated":true}]}}