{"id":8271,"date":"2021-05-20T07:34:48","date_gmt":"2021-05-20T11:34:48","guid":{"rendered":"https:\/\/int.design\/concours\/grands-prix-du-design-13e-edition\/informations\/reglements-conditions-2\/"},"modified":"2026-02-27T08:34:17","modified_gmt":"2026-02-27T13:34:17","slug":"attribution-de-prix","status":"publish","type":"page","link":"https:\/\/int.design\/fr\/grands-prix-du-design\/a-propos\/attribution-de-prix\/","title":{"rendered":"Attribution des prix"},"content":{"rendered":"","protected":false},"excerpt":{"rendered":"","protected":false},"author":6,"featured_media":31245,"parent":6707,"menu_order":0,"comment_status":"closed","ping_status":"closed","template":"views\/template-contest-info.blade.php","meta":{"content-type":"","footnotes":""},"contest_category":[],"class_list":["post-8271","page","type-page","status-publish","has-post-thumbnail","hentry"],"acf":[],"yoast_head":"<!-- This site is optimized with the Yoast SEO plugin v21.5 - https:\/\/yoast.com\/wordpress\/plugins\/seo\/ -->\n<title>Attribution de Prix des GRANDS PRIX DU DESIGN - INT.design<\/title>\n<meta name=\"description\" content=\"D\u00e9couvrez tout sur les s\u00e9lections, \u00e9valuations des jurys, les certifications, les grands prix et troph\u00e9es des GRANDS PRIX DU DESIGN\" \/>\n<meta name=\"robots\" content=\"index, follow, max-snippet:-1, max-image-preview:large, max-video-preview:-1\" \/>\n<link rel=\"canonical\" href=\"https:\/\/int.design\/fr\/grands-prix-du-design\/a-propos\/attribution-de-prix\/\" \/>\n<meta property=\"og:locale\" content=\"fr_FR\" \/>\n<meta property=\"og:type\" content=\"article\" \/>\n<meta property=\"og:title\" content=\"Attribution de Prix des GRANDS PRIX DU DESIGN - INT.design\" \/>\n<meta property=\"og:description\" content=\"D\u00e9couvrez tout sur les s\u00e9lections, \u00e9valuations des jurys, les certifications, les grands prix et troph\u00e9es des GRANDS PRIX DU DESIGN\" \/>\n<meta property=\"og:url\" content=\"https:\/\/int.design\/fr\/grands-prix-du-design\/a-propos\/attribution-de-prix\/\" \/>\n<meta property=\"og:site_name\" content=\"INT Design\" \/>\n<meta property=\"article:modified_time\" content=\"2026-02-27T13:34:17+00:00\" \/>\n<meta property=\"og:image\" content=\"https:\/\/d2q6z78khxmx42.cloudfront.net\/2020\/10\/Attribution_TBpng\" \/>\n\t<meta property=\"og:image:width\" content=\"589\" \/>\n\t<meta property=\"og:image:height\" content=\"332\" \/>\n\t<meta property=\"og:image:type\" content=\"image\/png\" \/>\n<meta name=\"twitter:card\" content=\"summary_large_image\" \/>\n<script type=\"application\/ld+json\" class=\"yoast-schema-graph\">{\"@context\":\"https:\/\/schema.org\",\"@graph\":[{\"@type\":\"WebPage\",\"@id\":\"https:\/\/int.design\/fr\/grands-prix-du-design\/a-propos\/attribution-de-prix\/\",\"url\":\"https:\/\/int.design\/fr\/grands-prix-du-design\/a-propos\/attribution-de-prix\/\",\"name\":\"Attribution de Prix des GRANDS PRIX DU DESIGN - INT.design\",\"isPartOf\":{\"@id\":\"https:\/\/int.design\/fr\/#website\"},\"datePublished\":\"2021-05-20T11:34:48+00:00\",\"dateModified\":\"2026-02-27T13:34:17+00:00\",\"description\":\"D\u00e9couvrez tout sur les s\u00e9lections, \u00e9valuations des jurys, les certifications, les grands prix et troph\u00e9es des GRANDS PRIX DU DESIGN\",\"breadcrumb\":{\"@id\":\"https:\/\/int.design\/fr\/grands-prix-du-design\/a-propos\/attribution-de-prix\/#breadcrumb\"},\"inLanguage\":\"fr-FR\",\"potentialAction\":[{\"@type\":\"ReadAction\",\"target\":[\"https:\/\/int.design\/fr\/grands-prix-du-design\/a-propos\/attribution-de-prix\/\"]}]},{\"@type\":\"BreadcrumbList\",\"@id\":\"https:\/\/int.design\/fr\/grands-prix-du-design\/a-propos\/attribution-de-prix\/#breadcrumb\",\"itemListElement\":[{\"@type\":\"ListItem\",\"position\":1,\"name\":\"Home\",\"item\":\"https:\/\/int.design\/fr\/\"},{\"@type\":\"ListItem\",\"position\":2,\"name\":\"Grands Prix du Design\",\"item\":\"https:\/\/int.design\/fr\/grands-prix-du-design\/\"},{\"@type\":\"ListItem\",\"position\":3,\"name\":\"\u00c0 Propos\",\"item\":\"https:\/\/int.design\/fr\/grands-prix-du-design\/a-propos\/\"},{\"@type\":\"ListItem\",\"position\":4,\"name\":\"Attribution des prix\"}]},{\"@type\":\"WebSite\",\"@id\":\"https:\/\/int.design\/fr\/#website\",\"url\":\"https:\/\/int.design\/fr\/\",\"name\":\"INT Design\",\"description\":\"\",\"potentialAction\":[{\"@type\":\"SearchAction\",\"target\":{\"@type\":\"EntryPoint\",\"urlTemplate\":\"https:\/\/int.design\/fr\/?s={search_term_string}\"},\"query-input\":\"required name=search_term_string\"}],\"inLanguage\":\"fr-FR\"}]}<\/script>\n<!-- \/ Yoast SEO plugin. -->","yoast_head_json":{"title":"Attribution de Prix des GRANDS PRIX DU DESIGN - INT.design","description":"D\u00e9couvrez tout sur les s\u00e9lections, \u00e9valuations des jurys, les certifications, les grands prix et troph\u00e9es des GRANDS PRIX DU DESIGN","robots":{"index":"index","follow":"follow","max-snippet":"max-snippet:-1","max-image-preview":"max-image-preview:large","max-video-preview":"max-video-preview:-1"},"canonical":"https:\/\/int.design\/fr\/grands-prix-du-design\/a-propos\/attribution-de-prix\/","og_locale":"fr_FR","og_type":"article","og_title":"Attribution de Prix des GRANDS PRIX DU DESIGN - INT.design","og_description":"D\u00e9couvrez tout sur les s\u00e9lections, \u00e9valuations des jurys, les certifications, les grands prix et troph\u00e9es des GRANDS PRIX DU DESIGN","og_url":"https:\/\/int.design\/fr\/grands-prix-du-design\/a-propos\/attribution-de-prix\/","og_site_name":"INT Design","article_modified_time":"2026-02-27T13:34:17+00:00","og_image":[{"width":"589","height":"332","url":"https:\/\/d2q6z78khxmx42.cloudfront.net\/2020\/10\/Attribution_TBpng","type":"image\/png"}],"twitter_card":"summary_large_image","schema":{"@context":"https:\/\/schema.org","@graph":[{"@type":"WebPage","@id":"https:\/\/int.design\/fr\/grands-prix-du-design\/a-propos\/attribution-de-prix\/","url":"https:\/\/int.design\/fr\/grands-prix-du-design\/a-propos\/attribution-de-prix\/","name":"Attribution de Prix des GRANDS PRIX DU DESIGN - INT.design","isPartOf":{"@id":"https:\/\/int.design\/fr\/#website"},"datePublished":"2021-05-20T11:34:48+00:00","dateModified":"2026-02-27T13:34:17+00:00","description":"D\u00e9couvrez tout sur les s\u00e9lections, \u00e9valuations des jurys, les certifications, les grands prix et troph\u00e9es des GRANDS PRIX DU DESIGN","breadcrumb":{"@id":"https:\/\/int.design\/fr\/grands-prix-du-design\/a-propos\/attribution-de-prix\/#breadcrumb"},"inLanguage":"fr-FR","potentialAction":[{"@type":"ReadAction","target":["https:\/\/int.design\/fr\/grands-prix-du-design\/a-propos\/attribution-de-prix\/"]}]},{"@type":"BreadcrumbList","@id":"https:\/\/int.design\/fr\/grands-prix-du-design\/a-propos\/attribution-de-prix\/#breadcrumb","itemListElement":[{"@type":"ListItem","position":1,"name":"Home","item":"https:\/\/int.design\/fr\/"},{"@type":"ListItem","position":2,"name":"Grands Prix du Design","item":"https:\/\/int.design\/fr\/grands-prix-du-design\/"},{"@type":"ListItem","position":3,"name":"\u00c0 Propos","item":"https:\/\/int.design\/fr\/grands-prix-du-design\/a-propos\/"},{"@type":"ListItem","position":4,"name":"Attribution des prix"}]},{"@type":"WebSite","@id":"https:\/\/int.design\/fr\/#website","url":"https:\/\/int.design\/fr\/","name":"INT Design","description":"","potentialAction":[{"@type":"SearchAction","target":{"@type":"EntryPoint","urlTemplate":"https:\/\/int.design\/fr\/?s={search_term_string}"},"query-input":"required name=search_term_string"}],"inLanguage":"fr-FR"}]}},"_links":{"self":[{"href":"https:\/\/int.design\/fr\/wp-json\/wp\/v2\/pages\/8271","targetHints":{"allow":["GET"]}}],"collection":[{"href":"https:\/\/int.design\/fr\/wp-json\/wp\/v2\/pages"}],"about":[{"href":"https:\/\/int.design\/fr\/wp-json\/wp\/v2\/types\/page"}],"author":[{"embeddable":true,"href":"https:\/\/int.design\/fr\/wp-json\/wp\/v2\/users\/6"}],"replies":[{"embeddable":true,"href":"https:\/\/int.design\/fr\/wp-json\/wp\/v2\/comments?post=8271"}],"version-history":[{"count":132,"href":"https:\/\/int.design\/fr\/wp-json\/wp\/v2\/pages\/8271\/revisions"}],"predecessor-version":[{"id":148048,"href":"https:\/\/int.design\/fr\/wp-json\/wp\/v2\/pages\/8271\/revisions\/148048"}],"up":[{"embeddable":true,"href":"https:\/\/int.design\/fr\/wp-json\/wp\/v2\/pages\/6707"}],"wp:featuredmedia":[{"embeddable":true,"href":"https:\/\/int.design\/fr\/wp-json\/wp\/v2\/media\/31245"}],"wp:attachment":[{"href":"https:\/\/int.design\/fr\/wp-json\/wp\/v2\/media?parent=8271"}],"wp:term":[{"taxonomy":"contest_category","embeddable":true,"href":"https:\/\/int.design\/fr\/wp-json\/wp\/v2\/contest_category?post=8271"}],"curies":[{"name":"wp","href":"https:\/\/api.w.org\/{rel}","templated":true}]}}