{"id":8007,"date":"2020-06-30T05:26:50","date_gmt":"2020-06-30T09:26:50","guid":{"rendered":"https:\/\/int.design\/evenements\/salon-du-design-2\/"},"modified":"2022-02-22T16:17:51","modified_gmt":"2022-02-22T21:17:51","slug":"apercu","status":"publish","type":"page","link":"https:\/\/int.design\/fr\/evenements\/apercu\/","title":{"rendered":"Aper\u00e7u"},"content":{"rendered":"","protected":false},"excerpt":{"rendered":"","protected":false},"author":6,"featured_media":0,"parent":384,"menu_order":0,"comment_status":"closed","ping_status":"closed","template":"views\/template-builder.blade.php","meta":{"content-type":"","footnotes":""},"contest_category":[],"class_list":["post-8007","page","type-page","status-publish","hentry"],"acf":[],"yoast_head":"<!-- This site is optimized with the Yoast SEO plugin v21.5 - https:\/\/yoast.com\/wordpress\/plugins\/seo\/ -->\n<title>Aper\u00e7u des \u00e9v\u00e9nements \u00e0 ne pas manquer - INT.design<\/title>\n<meta name=\"description\" content=\"Soir\u00e9e Gala, exposition, conf\u00e9rences, march\u00e9 design, lancements, concours\u2026des rendez-vous \u00e0 ne pas manquer !\" \/>\n<meta name=\"robots\" content=\"index, follow, max-snippet:-1, max-image-preview:large, max-video-preview:-1\" \/>\n<link rel=\"canonical\" href=\"https:\/\/int.design\/fr\/evenements\/apercu\/\" \/>\n<meta property=\"og:locale\" content=\"fr_FR\" \/>\n<meta property=\"og:type\" content=\"article\" \/>\n<meta property=\"og:title\" content=\"Aper\u00e7u des \u00e9v\u00e9nements \u00e0 ne pas manquer - INT.design\" \/>\n<meta property=\"og:description\" content=\"Soir\u00e9e Gala, exposition, conf\u00e9rences, march\u00e9 design, lancements, concours\u2026des rendez-vous \u00e0 ne pas manquer !\" \/>\n<meta property=\"og:url\" content=\"https:\/\/int.design\/fr\/evenements\/apercu\/\" \/>\n<meta property=\"og:site_name\" content=\"INT Design\" \/>\n<meta property=\"article:modified_time\" content=\"2022-02-22T21:17:51+00:00\" \/>\n<meta name=\"twitter:card\" content=\"summary_large_image\" \/>\n<meta name=\"twitter:label1\" content=\"Est. reading time\" \/>\n\t<meta name=\"twitter:data1\" content=\"1 minute\" \/>\n<script type=\"application\/ld+json\" class=\"yoast-schema-graph\">{\"@context\":\"https:\/\/schema.org\",\"@graph\":[{\"@type\":\"WebPage\",\"@id\":\"https:\/\/int.design\/fr\/evenements\/apercu\/\",\"url\":\"https:\/\/int.design\/fr\/evenements\/apercu\/\",\"name\":\"Aper\u00e7u des \u00e9v\u00e9nements \u00e0 ne pas manquer - INT.design\",\"isPartOf\":{\"@id\":\"https:\/\/int.design\/fr\/#website\"},\"datePublished\":\"2020-06-30T09:26:50+00:00\",\"dateModified\":\"2022-02-22T21:17:51+00:00\",\"description\":\"Soir\u00e9e Gala, exposition, conf\u00e9rences, march\u00e9 design, lancements, concours\u2026des rendez-vous \u00e0 ne pas manquer !\",\"breadcrumb\":{\"@id\":\"https:\/\/int.design\/fr\/evenements\/apercu\/#breadcrumb\"},\"inLanguage\":\"fr-FR\",\"potentialAction\":[{\"@type\":\"ReadAction\",\"target\":[\"https:\/\/int.design\/fr\/evenements\/apercu\/\"]}]},{\"@type\":\"BreadcrumbList\",\"@id\":\"https:\/\/int.design\/fr\/evenements\/apercu\/#breadcrumb\",\"itemListElement\":[{\"@type\":\"ListItem\",\"position\":1,\"name\":\"Home\",\"item\":\"https:\/\/int.design\/fr\/\"},{\"@type\":\"ListItem\",\"position\":2,\"name\":\"\u00c9v\u00e9nements\",\"item\":\"https:\/\/int.design\/fr\/evenements\/\"},{\"@type\":\"ListItem\",\"position\":3,\"name\":\"Aper\u00e7u\"}]},{\"@type\":\"WebSite\",\"@id\":\"https:\/\/int.design\/fr\/#website\",\"url\":\"https:\/\/int.design\/fr\/\",\"name\":\"INT Design\",\"description\":\"\",\"potentialAction\":[{\"@type\":\"SearchAction\",\"target\":{\"@type\":\"EntryPoint\",\"urlTemplate\":\"https:\/\/int.design\/fr\/?s={search_term_string}\"},\"query-input\":\"required name=search_term_string\"}],\"inLanguage\":\"fr-FR\"}]}<\/script>\n<!-- \/ Yoast SEO plugin. -->","yoast_head_json":{"title":"Aper\u00e7u des \u00e9v\u00e9nements \u00e0 ne pas manquer - INT.design","description":"Soir\u00e9e Gala, exposition, conf\u00e9rences, march\u00e9 design, lancements, concours\u2026des rendez-vous \u00e0 ne pas manquer !","robots":{"index":"index","follow":"follow","max-snippet":"max-snippet:-1","max-image-preview":"max-image-preview:large","max-video-preview":"max-video-preview:-1"},"canonical":"https:\/\/int.design\/fr\/evenements\/apercu\/","og_locale":"fr_FR","og_type":"article","og_title":"Aper\u00e7u des \u00e9v\u00e9nements \u00e0 ne pas manquer - INT.design","og_description":"Soir\u00e9e Gala, exposition, conf\u00e9rences, march\u00e9 design, lancements, concours\u2026des rendez-vous \u00e0 ne pas manquer !","og_url":"https:\/\/int.design\/fr\/evenements\/apercu\/","og_site_name":"INT Design","article_modified_time":"2022-02-22T21:17:51+00:00","twitter_card":"summary_large_image","twitter_misc":{"Est. reading time":"1 minute"},"schema":{"@context":"https:\/\/schema.org","@graph":[{"@type":"WebPage","@id":"https:\/\/int.design\/fr\/evenements\/apercu\/","url":"https:\/\/int.design\/fr\/evenements\/apercu\/","name":"Aper\u00e7u des \u00e9v\u00e9nements \u00e0 ne pas manquer - INT.design","isPartOf":{"@id":"https:\/\/int.design\/fr\/#website"},"datePublished":"2020-06-30T09:26:50+00:00","dateModified":"2022-02-22T21:17:51+00:00","description":"Soir\u00e9e Gala, exposition, conf\u00e9rences, march\u00e9 design, lancements, concours\u2026des rendez-vous \u00e0 ne pas manquer !","breadcrumb":{"@id":"https:\/\/int.design\/fr\/evenements\/apercu\/#breadcrumb"},"inLanguage":"fr-FR","potentialAction":[{"@type":"ReadAction","target":["https:\/\/int.design\/fr\/evenements\/apercu\/"]}]},{"@type":"BreadcrumbList","@id":"https:\/\/int.design\/fr\/evenements\/apercu\/#breadcrumb","itemListElement":[{"@type":"ListItem","position":1,"name":"Home","item":"https:\/\/int.design\/fr\/"},{"@type":"ListItem","position":2,"name":"\u00c9v\u00e9nements","item":"https:\/\/int.design\/fr\/evenements\/"},{"@type":"ListItem","position":3,"name":"Aper\u00e7u"}]},{"@type":"WebSite","@id":"https:\/\/int.design\/fr\/#website","url":"https:\/\/int.design\/fr\/","name":"INT Design","description":"","potentialAction":[{"@type":"SearchAction","target":{"@type":"EntryPoint","urlTemplate":"https:\/\/int.design\/fr\/?s={search_term_string}"},"query-input":"required name=search_term_string"}],"inLanguage":"fr-FR"}]}},"_links":{"self":[{"href":"https:\/\/int.design\/fr\/wp-json\/wp\/v2\/pages\/8007","targetHints":{"allow":["GET"]}}],"collection":[{"href":"https:\/\/int.design\/fr\/wp-json\/wp\/v2\/pages"}],"about":[{"href":"https:\/\/int.design\/fr\/wp-json\/wp\/v2\/types\/page"}],"author":[{"embeddable":true,"href":"https:\/\/int.design\/fr\/wp-json\/wp\/v2\/users\/6"}],"replies":[{"embeddable":true,"href":"https:\/\/int.design\/fr\/wp-json\/wp\/v2\/comments?post=8007"}],"version-history":[{"count":56,"href":"https:\/\/int.design\/fr\/wp-json\/wp\/v2\/pages\/8007\/revisions"}],"predecessor-version":[{"id":82293,"href":"https:\/\/int.design\/fr\/wp-json\/wp\/v2\/pages\/8007\/revisions\/82293"}],"up":[{"embeddable":true,"href":"https:\/\/int.design\/fr\/wp-json\/wp\/v2\/pages\/384"}],"wp:attachment":[{"href":"https:\/\/int.design\/fr\/wp-json\/wp\/v2\/media?parent=8007"}],"wp:term":[{"taxonomy":"contest_category","embeddable":true,"href":"https:\/\/int.design\/fr\/wp-json\/wp\/v2\/contest_category?post=8007"}],"curies":[{"name":"wp","href":"https:\/\/api.w.org\/{rel}","templated":true}]}}