{"id":79916,"date":"2022-01-25T09:25:46","date_gmt":"2022-01-25T14:25:46","guid":{"rendered":"https:\/\/int.design\/?page_id=79916"},"modified":"2026-02-27T11:08:05","modified_gmt":"2026-02-27T16:08:05","slug":"grands-prix-du-design-informations-multilingues","status":"publish","type":"page","link":"https:\/\/int.design\/fr\/grands-prix-du-design\/grands-prix-du-design-informations-multilingues\/","title":{"rendered":"Informations multilingues"},"content":{"rendered":"<p><strong>Inscrivez votre projet en ligne d\u00e8s maintenant<\/strong> via notre portail disponible en fran\u00e7ais, anglais, chinois ou espagnol :<\/p>\n<div style=\"display: flex; gap: 10px; flex-wrap: wrap; align-items: center;\">\n<p><a class=\"btn\" style=\"display: inline-block !important; width: auto !important; background-color: #b7904c; color: #000000;\" href=\"https:\/\/int.design\/fr\/grands-prix-du-design\/inscription\/soumettre-un-projet\/\" target=\"_blank\" rel=\"noopener\">Inscription en fran\u00e7ais<br \/>\n<\/a><\/p>\n<p><a class=\"btn\" style=\"display: inline-block !important; width: auto !important; background-color: #b7904c; color: #000000;\" href=\"https:\/\/int.design\/en\/grands-prix-du-design\/submit\/submit-a-project\/\" target=\"_blank\" rel=\"noopener\">Inscription en anglais<br \/>\n<\/a><\/p>\n<p><a class=\"btn\" style=\"display: inline-block !important; width: auto !important; background-color: #b7904c; color: #000000;\" href=\"https:\/\/int.design\/zh-hans\/%E6%8F%90%E4%BA%A4%E9%A1%B9%E7%9B%AE-submit-a-project\/\" target=\"_blank\" rel=\"noopener\">Inscription en chinois<br \/>\n<\/a><\/p>\n<p><a class=\"btn\" style=\"display: inline-block !important; width: auto !important; background-color: #b7904c; color: #000000;\" href=\"https:\/\/int.design\/es\/enviar-mi-solicitud\/\" target=\"_blank\" rel=\"noopener\">Inscription en espagnol<br \/>\n<\/a><\/p>\n<\/div>\n<p style=\"color: #808080; margin-top: 10px;\">Vous souhaitez pr\u00e9parer votre dossier avant de commencer ? T\u00e9l\u00e9chargez le guide du candidat en version PDF dans la langue de votre choix.<\/p>\n","protected":false},"excerpt":{"rendered":"<p>Inscrivez votre projet en ligne d\u00e8s maintenant via notre portail disponible en fran\u00e7ais, anglais, chinois ou espagnol : Inscription en fran\u00e7ais Inscription en anglais Inscription en chinois Inscription en espagnol Vous souhaitez pr\u00e9parer votre dossier avant de commencer ? T\u00e9l\u00e9chargez le guide du candidat en version PDF dans la langue de votre choix.<\/p>\n","protected":false},"author":5,"featured_media":0,"parent":75785,"menu_order":14,"comment_status":"closed","ping_status":"closed","template":"views\/template-mediakit.blade.php","meta":{"content-type":"","footnotes":""},"contest_category":[],"class_list":["post-79916","page","type-page","status-publish","hentry"],"acf":[],"yoast_head":"<!-- This site is optimized with the Yoast SEO plugin v21.5 - https:\/\/yoast.com\/wordpress\/plugins\/seo\/ -->\n<title>Informations multilingues - INT Design<\/title>\n<meta name=\"description\" content=\"T\u00e9l\u00e9chargez le guide du candidat en version PDF dans la langue de votre choix.\" \/>\n<meta name=\"robots\" content=\"index, follow, max-snippet:-1, max-image-preview:large, max-video-preview:-1\" \/>\n<link rel=\"canonical\" href=\"https:\/\/int.design\/fr\/grands-prix-du-design\/grands-prix-du-design-informations-multilingues\/\" \/>\n<meta property=\"og:locale\" content=\"fr_FR\" \/>\n<meta property=\"og:type\" content=\"article\" \/>\n<meta property=\"og:title\" content=\"Informations multilingues - INT Design\" \/>\n<meta property=\"og:description\" content=\"T\u00e9l\u00e9chargez le guide du candidat en version PDF dans la langue de votre choix.\" \/>\n<meta property=\"og:url\" content=\"https:\/\/int.design\/fr\/grands-prix-du-design\/grands-prix-du-design-informations-multilingues\/\" \/>\n<meta property=\"og:site_name\" content=\"INT Design\" \/>\n<meta property=\"article:modified_time\" content=\"2026-02-27T16:08:05+00:00\" \/>\n<meta name=\"twitter:card\" content=\"summary_large_image\" \/>\n<meta name=\"twitter:label1\" content=\"Est. reading time\" \/>\n\t<meta name=\"twitter:data1\" content=\"1 minute\" \/>\n<script type=\"application\/ld+json\" class=\"yoast-schema-graph\">{\"@context\":\"https:\/\/schema.org\",\"@graph\":[{\"@type\":\"WebPage\",\"@id\":\"https:\/\/int.design\/fr\/grands-prix-du-design\/grands-prix-du-design-informations-multilingues\/\",\"url\":\"https:\/\/int.design\/fr\/grands-prix-du-design\/grands-prix-du-design-informations-multilingues\/\",\"name\":\"Informations multilingues - INT Design\",\"isPartOf\":{\"@id\":\"https:\/\/int.design\/fr\/#website\"},\"datePublished\":\"2022-01-25T14:25:46+00:00\",\"dateModified\":\"2026-02-27T16:08:05+00:00\",\"description\":\"T\u00e9l\u00e9chargez le guide du candidat en version PDF dans la langue de votre choix.\",\"breadcrumb\":{\"@id\":\"https:\/\/int.design\/fr\/grands-prix-du-design\/grands-prix-du-design-informations-multilingues\/#breadcrumb\"},\"inLanguage\":\"fr-FR\",\"potentialAction\":[{\"@type\":\"ReadAction\",\"target\":[\"https:\/\/int.design\/fr\/grands-prix-du-design\/grands-prix-du-design-informations-multilingues\/\"]}]},{\"@type\":\"BreadcrumbList\",\"@id\":\"https:\/\/int.design\/fr\/grands-prix-du-design\/grands-prix-du-design-informations-multilingues\/#breadcrumb\",\"itemListElement\":[{\"@type\":\"ListItem\",\"position\":1,\"name\":\"Home\",\"item\":\"https:\/\/int.design\/fr\/\"},{\"@type\":\"ListItem\",\"position\":2,\"name\":\"Grands Prix du Design\",\"item\":\"https:\/\/int.design\/fr\/grands-prix-du-design\/\"},{\"@type\":\"ListItem\",\"position\":3,\"name\":\"Informations multilingues\"}]},{\"@type\":\"WebSite\",\"@id\":\"https:\/\/int.design\/fr\/#website\",\"url\":\"https:\/\/int.design\/fr\/\",\"name\":\"INT Design\",\"description\":\"\",\"potentialAction\":[{\"@type\":\"SearchAction\",\"target\":{\"@type\":\"EntryPoint\",\"urlTemplate\":\"https:\/\/int.design\/fr\/?s={search_term_string}\"},\"query-input\":\"required name=search_term_string\"}],\"inLanguage\":\"fr-FR\"}]}<\/script>\n<!-- \/ Yoast SEO plugin. -->","yoast_head_json":{"title":"Informations multilingues - INT Design","description":"T\u00e9l\u00e9chargez le guide du candidat en version PDF dans la langue de votre choix.","robots":{"index":"index","follow":"follow","max-snippet":"max-snippet:-1","max-image-preview":"max-image-preview:large","max-video-preview":"max-video-preview:-1"},"canonical":"https:\/\/int.design\/fr\/grands-prix-du-design\/grands-prix-du-design-informations-multilingues\/","og_locale":"fr_FR","og_type":"article","og_title":"Informations multilingues - INT Design","og_description":"T\u00e9l\u00e9chargez le guide du candidat en version PDF dans la langue de votre choix.","og_url":"https:\/\/int.design\/fr\/grands-prix-du-design\/grands-prix-du-design-informations-multilingues\/","og_site_name":"INT Design","article_modified_time":"2026-02-27T16:08:05+00:00","twitter_card":"summary_large_image","twitter_misc":{"Est. reading time":"1 minute"},"schema":{"@context":"https:\/\/schema.org","@graph":[{"@type":"WebPage","@id":"https:\/\/int.design\/fr\/grands-prix-du-design\/grands-prix-du-design-informations-multilingues\/","url":"https:\/\/int.design\/fr\/grands-prix-du-design\/grands-prix-du-design-informations-multilingues\/","name":"Informations multilingues - INT Design","isPartOf":{"@id":"https:\/\/int.design\/fr\/#website"},"datePublished":"2022-01-25T14:25:46+00:00","dateModified":"2026-02-27T16:08:05+00:00","description":"T\u00e9l\u00e9chargez le guide du candidat en version PDF dans la langue de votre choix.","breadcrumb":{"@id":"https:\/\/int.design\/fr\/grands-prix-du-design\/grands-prix-du-design-informations-multilingues\/#breadcrumb"},"inLanguage":"fr-FR","potentialAction":[{"@type":"ReadAction","target":["https:\/\/int.design\/fr\/grands-prix-du-design\/grands-prix-du-design-informations-multilingues\/"]}]},{"@type":"BreadcrumbList","@id":"https:\/\/int.design\/fr\/grands-prix-du-design\/grands-prix-du-design-informations-multilingues\/#breadcrumb","itemListElement":[{"@type":"ListItem","position":1,"name":"Home","item":"https:\/\/int.design\/fr\/"},{"@type":"ListItem","position":2,"name":"Grands Prix du Design","item":"https:\/\/int.design\/fr\/grands-prix-du-design\/"},{"@type":"ListItem","position":3,"name":"Informations multilingues"}]},{"@type":"WebSite","@id":"https:\/\/int.design\/fr\/#website","url":"https:\/\/int.design\/fr\/","name":"INT Design","description":"","potentialAction":[{"@type":"SearchAction","target":{"@type":"EntryPoint","urlTemplate":"https:\/\/int.design\/fr\/?s={search_term_string}"},"query-input":"required name=search_term_string"}],"inLanguage":"fr-FR"}]}},"_links":{"self":[{"href":"https:\/\/int.design\/fr\/wp-json\/wp\/v2\/pages\/79916","targetHints":{"allow":["GET"]}}],"collection":[{"href":"https:\/\/int.design\/fr\/wp-json\/wp\/v2\/pages"}],"about":[{"href":"https:\/\/int.design\/fr\/wp-json\/wp\/v2\/types\/page"}],"author":[{"embeddable":true,"href":"https:\/\/int.design\/fr\/wp-json\/wp\/v2\/users\/5"}],"replies":[{"embeddable":true,"href":"https:\/\/int.design\/fr\/wp-json\/wp\/v2\/comments?post=79916"}],"version-history":[{"count":65,"href":"https:\/\/int.design\/fr\/wp-json\/wp\/v2\/pages\/79916\/revisions"}],"predecessor-version":[{"id":148062,"href":"https:\/\/int.design\/fr\/wp-json\/wp\/v2\/pages\/79916\/revisions\/148062"}],"up":[{"embeddable":true,"href":"https:\/\/int.design\/fr\/wp-json\/wp\/v2\/pages\/75785"}],"wp:attachment":[{"href":"https:\/\/int.design\/fr\/wp-json\/wp\/v2\/media?parent=79916"}],"wp:term":[{"taxonomy":"contest_category","embeddable":true,"href":"https:\/\/int.design\/fr\/wp-json\/wp\/v2\/contest_category?post=79916"}],"curies":[{"name":"wp","href":"https:\/\/api.w.org\/{rel}","templated":true}]}}