{"id":6773,"date":"2020-05-28T10:47:10","date_gmt":"2020-05-28T14:47:10","guid":{"rendered":"http:\/\/pid.local\/?page_id=6773"},"modified":"2026-04-21T11:52:50","modified_gmt":"2026-04-21T15:52:50","slug":"trousse-media","status":"publish","type":"page","link":"https:\/\/int.design\/fr\/trousse-media\/","title":{"rendered":"Trousse m\u00e9dia"},"content":{"rendered":"<p>L\u2019Agence PID et La M\u00e9diath\u00e8que du Design \u0153uvrent depuis plus de 35 ans \u00e0 la promotion du design \u00e0 l\u2019\u00e9chelle locale, nationale et internationale \u00e0 partir de Montr\u00e9al ville UNESCO de design. Reconnue pour leurs expertises, elles offrent plusieurs v\u00e9hicules de prestige dont, le magazine INT DESIGN, le concours GRANDS PRIX DU DESIGN et le portail Web INT.design.<\/p>\n","protected":false},"excerpt":{"rendered":"<p>L\u2019Agence PID et La M\u00e9diath\u00e8que du Design \u0153uvrent depuis plus de 35 ans \u00e0 la promotion du design \u00e0 l\u2019\u00e9chelle locale, nationale et internationale \u00e0 partir de Montr\u00e9al ville UNESCO de design. Reconnue pour leurs expertises, elles offrent plusieurs v\u00e9hicules de prestige dont, le magazine INT DESIGN, le concours GRANDS PRIX DU DESIGN et le &hellip; <a href=\"https:\/\/int.design\/fr\/trousse-media\/\">Continued<\/a><\/p>\n","protected":false},"author":1,"featured_media":97187,"parent":0,"menu_order":32,"comment_status":"closed","ping_status":"closed","template":"views\/template-mediakit.blade.php","meta":{"content-type":"","footnotes":""},"contest_category":[],"class_list":["post-6773","page","type-page","status-publish","has-post-thumbnail","hentry"],"acf":[],"yoast_head":"<!-- This site is optimized with the Yoast SEO plugin v21.5 - https:\/\/yoast.com\/wordpress\/plugins\/seo\/ -->\n<title>Trousse m\u00e9dia - INT Design<\/title>\n<meta name=\"robots\" content=\"index, follow, max-snippet:-1, max-image-preview:large, max-video-preview:-1\" \/>\n<link rel=\"canonical\" href=\"https:\/\/int.design\/fr\/trousse-media\/\" \/>\n<meta property=\"og:locale\" content=\"fr_FR\" \/>\n<meta property=\"og:type\" content=\"article\" \/>\n<meta property=\"og:title\" content=\"Trousse m\u00e9dia - INT Design\" \/>\n<meta property=\"og:description\" content=\"L\u2019Agence PID et La M\u00e9diath\u00e8que du Design \u0153uvrent depuis plus de 35 ans \u00e0 la promotion du design \u00e0 l\u2019\u00e9chelle locale, nationale et internationale \u00e0 partir de Montr\u00e9al ville UNESCO de design. Reconnue pour leurs expertises, elles offrent plusieurs v\u00e9hicules de prestige dont, le magazine INT DESIGN, le concours GRANDS PRIX DU DESIGN et le &hellip; Continued\" \/>\n<meta property=\"og:url\" content=\"https:\/\/int.design\/fr\/trousse-media\/\" \/>\n<meta property=\"og:site_name\" content=\"INT Design\" \/>\n<meta property=\"article:modified_time\" content=\"2026-04-21T15:52:50+00:00\" \/>\n<meta property=\"og:image\" content=\"https:\/\/d2q6z78khxmx42.cloudfront.net\/2022\/04\/thumbnail-page-trousse.png\" \/>\n\t<meta property=\"og:image:width\" content=\"1280\" \/>\n\t<meta property=\"og:image:height\" content=\"720\" \/>\n\t<meta property=\"og:image:type\" content=\"image\/png\" \/>\n<meta name=\"twitter:card\" content=\"summary_large_image\" \/>\n<meta name=\"twitter:label1\" content=\"Est. reading time\" \/>\n\t<meta name=\"twitter:data1\" content=\"1 minute\" \/>\n<script type=\"application\/ld+json\" class=\"yoast-schema-graph\">{\"@context\":\"https:\/\/schema.org\",\"@graph\":[{\"@type\":\"WebPage\",\"@id\":\"https:\/\/int.design\/fr\/trousse-media\/\",\"url\":\"https:\/\/int.design\/fr\/trousse-media\/\",\"name\":\"Trousse m\u00e9dia - INT Design\",\"isPartOf\":{\"@id\":\"https:\/\/int.design\/fr\/#website\"},\"datePublished\":\"2020-05-28T14:47:10+00:00\",\"dateModified\":\"2026-04-21T15:52:50+00:00\",\"breadcrumb\":{\"@id\":\"https:\/\/int.design\/fr\/trousse-media\/#breadcrumb\"},\"inLanguage\":\"fr-FR\",\"potentialAction\":[{\"@type\":\"ReadAction\",\"target\":[\"https:\/\/int.design\/fr\/trousse-media\/\"]}]},{\"@type\":\"BreadcrumbList\",\"@id\":\"https:\/\/int.design\/fr\/trousse-media\/#breadcrumb\",\"itemListElement\":[{\"@type\":\"ListItem\",\"position\":1,\"name\":\"Home\",\"item\":\"https:\/\/int.design\/fr\/\"},{\"@type\":\"ListItem\",\"position\":2,\"name\":\"Trousse m\u00e9dia\"}]},{\"@type\":\"WebSite\",\"@id\":\"https:\/\/int.design\/fr\/#website\",\"url\":\"https:\/\/int.design\/fr\/\",\"name\":\"INT Design\",\"description\":\"\",\"potentialAction\":[{\"@type\":\"SearchAction\",\"target\":{\"@type\":\"EntryPoint\",\"urlTemplate\":\"https:\/\/int.design\/fr\/?s={search_term_string}\"},\"query-input\":\"required name=search_term_string\"}],\"inLanguage\":\"fr-FR\"}]}<\/script>\n<!-- \/ Yoast SEO plugin. -->","yoast_head_json":{"title":"Trousse m\u00e9dia - INT Design","robots":{"index":"index","follow":"follow","max-snippet":"max-snippet:-1","max-image-preview":"max-image-preview:large","max-video-preview":"max-video-preview:-1"},"canonical":"https:\/\/int.design\/fr\/trousse-media\/","og_locale":"fr_FR","og_type":"article","og_title":"Trousse m\u00e9dia - INT Design","og_description":"L\u2019Agence PID et La M\u00e9diath\u00e8que du Design \u0153uvrent depuis plus de 35 ans \u00e0 la promotion du design \u00e0 l\u2019\u00e9chelle locale, nationale et internationale \u00e0 partir de Montr\u00e9al ville UNESCO de design. Reconnue pour leurs expertises, elles offrent plusieurs v\u00e9hicules de prestige dont, le magazine INT DESIGN, le concours GRANDS PRIX DU DESIGN et le &hellip; Continued","og_url":"https:\/\/int.design\/fr\/trousse-media\/","og_site_name":"INT Design","article_modified_time":"2026-04-21T15:52:50+00:00","og_image":[{"width":"1280","height":"720","url":"https:\/\/d2q6z78khxmx42.cloudfront.net\/2022\/04\/thumbnail-page-trousse.png","type":"image\/png"}],"twitter_card":"summary_large_image","twitter_misc":{"Est. reading time":"1 minute"},"schema":{"@context":"https:\/\/schema.org","@graph":[{"@type":"WebPage","@id":"https:\/\/int.design\/fr\/trousse-media\/","url":"https:\/\/int.design\/fr\/trousse-media\/","name":"Trousse m\u00e9dia - INT Design","isPartOf":{"@id":"https:\/\/int.design\/fr\/#website"},"datePublished":"2020-05-28T14:47:10+00:00","dateModified":"2026-04-21T15:52:50+00:00","breadcrumb":{"@id":"https:\/\/int.design\/fr\/trousse-media\/#breadcrumb"},"inLanguage":"fr-FR","potentialAction":[{"@type":"ReadAction","target":["https:\/\/int.design\/fr\/trousse-media\/"]}]},{"@type":"BreadcrumbList","@id":"https:\/\/int.design\/fr\/trousse-media\/#breadcrumb","itemListElement":[{"@type":"ListItem","position":1,"name":"Home","item":"https:\/\/int.design\/fr\/"},{"@type":"ListItem","position":2,"name":"Trousse m\u00e9dia"}]},{"@type":"WebSite","@id":"https:\/\/int.design\/fr\/#website","url":"https:\/\/int.design\/fr\/","name":"INT Design","description":"","potentialAction":[{"@type":"SearchAction","target":{"@type":"EntryPoint","urlTemplate":"https:\/\/int.design\/fr\/?s={search_term_string}"},"query-input":"required name=search_term_string"}],"inLanguage":"fr-FR"}]}},"_links":{"self":[{"href":"https:\/\/int.design\/fr\/wp-json\/wp\/v2\/pages\/6773","targetHints":{"allow":["GET"]}}],"collection":[{"href":"https:\/\/int.design\/fr\/wp-json\/wp\/v2\/pages"}],"about":[{"href":"https:\/\/int.design\/fr\/wp-json\/wp\/v2\/types\/page"}],"author":[{"embeddable":true,"href":"https:\/\/int.design\/fr\/wp-json\/wp\/v2\/users\/1"}],"replies":[{"embeddable":true,"href":"https:\/\/int.design\/fr\/wp-json\/wp\/v2\/comments?post=6773"}],"version-history":[{"count":287,"href":"https:\/\/int.design\/fr\/wp-json\/wp\/v2\/pages\/6773\/revisions"}],"predecessor-version":[{"id":149393,"href":"https:\/\/int.design\/fr\/wp-json\/wp\/v2\/pages\/6773\/revisions\/149393"}],"wp:featuredmedia":[{"embeddable":true,"href":"https:\/\/int.design\/fr\/wp-json\/wp\/v2\/media\/97187"}],"wp:attachment":[{"href":"https:\/\/int.design\/fr\/wp-json\/wp\/v2\/media?parent=6773"}],"wp:term":[{"taxonomy":"contest_category","embeddable":true,"href":"https:\/\/int.design\/fr\/wp-json\/wp\/v2\/contest_category?post=6773"}],"curies":[{"name":"wp","href":"https:\/\/api.w.org\/{rel}","templated":true}]}}