{"id":6713,"date":"2021-05-27T10:08:54","date_gmt":"2021-05-27T14:08:54","guid":{"rendered":"https:\/\/intdesign.local\/concours\/grand-prix-du-design-13e-edition\/inscription\/dates-limites-tarifs\/"},"modified":"2026-02-27T08:37:46","modified_gmt":"2026-02-27T13:37:46","slug":"dates-limites-tarifs","status":"publish","type":"page","link":"https:\/\/int.design\/fr\/grands-prix-du-design\/a-propos\/dates-limites-tarifs\/","title":{"rendered":"Dates limites &#038; tarifs"},"content":{"rendered":"<p><strong>* Un projet peux s&rsquo;inscrire dans une cat\u00e9gorie Prix Sp\u00e9ciaux uniquement s&rsquo;il est d\u00e9j\u00e0 inscrit dans une cat\u00e9gorie standard. <\/strong>Une fois inscrit dans une cat\u00e9gorie, votre projet ou produit est \u00e9ligible aux Prix Sp\u00e9ciaux. Ces derniers sont offerts \u00e0 moindre co\u00fbt et ont comme objectif de r\u00e9compenser des caract\u00e9ristiques pr\u00e9cises d&rsquo;un projet ou produit.<\/p>\n<p>&nbsp;<\/p>\n","protected":false},"excerpt":{"rendered":"<p>* Un projet peux s&rsquo;inscrire dans une cat\u00e9gorie Prix Sp\u00e9ciaux uniquement s&rsquo;il est d\u00e9j\u00e0 inscrit dans une cat\u00e9gorie standard. Une fois inscrit dans une cat\u00e9gorie, votre projet ou produit est \u00e9ligible aux Prix Sp\u00e9ciaux. Ces derniers sont offerts \u00e0 moindre co\u00fbt et ont comme objectif de r\u00e9compenser des caract\u00e9ristiques pr\u00e9cises d&rsquo;un projet ou produit. &nbsp;<\/p>\n","protected":false},"author":1,"featured_media":31250,"parent":6707,"menu_order":3,"comment_status":"closed","ping_status":"closed","template":"views\/template-contest-pricing.blade.php","meta":{"content-type":"","footnotes":""},"contest_category":[],"class_list":["post-6713","page","type-page","status-publish","has-post-thumbnail","hentry"],"acf":[],"yoast_head":"<!-- This site is optimized with the Yoast SEO plugin v21.5 - https:\/\/yoast.com\/wordpress\/plugins\/seo\/ -->\n<title>Dates limites et tarifs de candidature - INT.design<\/title>\n<meta name=\"description\" content=\"Retrouvez toute l&#039;Information concernant les dates et tarifs de la 17e \u00e9dition des GRANDS PRIX DU DESIGN .\" \/>\n<meta name=\"robots\" content=\"index, follow, max-snippet:-1, max-image-preview:large, max-video-preview:-1\" \/>\n<link rel=\"canonical\" href=\"https:\/\/int.design\/fr\/grands-prix-du-design\/a-propos\/dates-limites-tarifs\/\" \/>\n<meta property=\"og:locale\" content=\"fr_FR\" \/>\n<meta property=\"og:type\" content=\"article\" \/>\n<meta property=\"og:title\" content=\"Dates limites et tarifs de candidature - INT.design\" \/>\n<meta property=\"og:description\" content=\"Retrouvez toute l&#039;Information concernant les dates et tarifs de la 17e \u00e9dition des GRANDS PRIX DU DESIGN .\" \/>\n<meta property=\"og:url\" content=\"https:\/\/int.design\/fr\/grands-prix-du-design\/a-propos\/dates-limites-tarifs\/\" \/>\n<meta property=\"og:site_name\" content=\"INT Design\" \/>\n<meta property=\"article:modified_time\" content=\"2026-02-27T13:37:46+00:00\" \/>\n<meta property=\"og:image\" content=\"https:\/\/d2q6z78khxmx42.cloudfront.net\/2020\/10\/Dates_TBpng\" \/>\n\t<meta property=\"og:image:width\" content=\"589\" \/>\n\t<meta property=\"og:image:height\" content=\"332\" \/>\n\t<meta property=\"og:image:type\" content=\"image\/png\" \/>\n<meta name=\"twitter:card\" content=\"summary_large_image\" \/>\n<meta name=\"twitter:label1\" content=\"Est. reading time\" \/>\n\t<meta name=\"twitter:data1\" content=\"1 minute\" \/>\n<script type=\"application\/ld+json\" class=\"yoast-schema-graph\">{\"@context\":\"https:\/\/schema.org\",\"@graph\":[{\"@type\":\"WebPage\",\"@id\":\"https:\/\/int.design\/fr\/grands-prix-du-design\/a-propos\/dates-limites-tarifs\/\",\"url\":\"https:\/\/int.design\/fr\/grands-prix-du-design\/a-propos\/dates-limites-tarifs\/\",\"name\":\"Dates limites et tarifs de candidature - INT.design\",\"isPartOf\":{\"@id\":\"https:\/\/int.design\/fr\/#website\"},\"datePublished\":\"2021-05-27T14:08:54+00:00\",\"dateModified\":\"2026-02-27T13:37:46+00:00\",\"description\":\"Retrouvez toute l'Information concernant les dates et tarifs de la 17e \u00e9dition des GRANDS PRIX DU DESIGN .\",\"breadcrumb\":{\"@id\":\"https:\/\/int.design\/fr\/grands-prix-du-design\/a-propos\/dates-limites-tarifs\/#breadcrumb\"},\"inLanguage\":\"fr-FR\",\"potentialAction\":[{\"@type\":\"ReadAction\",\"target\":[\"https:\/\/int.design\/fr\/grands-prix-du-design\/a-propos\/dates-limites-tarifs\/\"]}]},{\"@type\":\"BreadcrumbList\",\"@id\":\"https:\/\/int.design\/fr\/grands-prix-du-design\/a-propos\/dates-limites-tarifs\/#breadcrumb\",\"itemListElement\":[{\"@type\":\"ListItem\",\"position\":1,\"name\":\"Home\",\"item\":\"https:\/\/int.design\/fr\/\"},{\"@type\":\"ListItem\",\"position\":2,\"name\":\"Grands Prix du Design\",\"item\":\"https:\/\/int.design\/fr\/grands-prix-du-design\/\"},{\"@type\":\"ListItem\",\"position\":3,\"name\":\"\u00c0 Propos\",\"item\":\"https:\/\/int.design\/fr\/grands-prix-du-design\/a-propos\/\"},{\"@type\":\"ListItem\",\"position\":4,\"name\":\"Dates limites &#038; tarifs\"}]},{\"@type\":\"WebSite\",\"@id\":\"https:\/\/int.design\/fr\/#website\",\"url\":\"https:\/\/int.design\/fr\/\",\"name\":\"INT Design\",\"description\":\"\",\"potentialAction\":[{\"@type\":\"SearchAction\",\"target\":{\"@type\":\"EntryPoint\",\"urlTemplate\":\"https:\/\/int.design\/fr\/?s={search_term_string}\"},\"query-input\":\"required name=search_term_string\"}],\"inLanguage\":\"fr-FR\"}]}<\/script>\n<!-- \/ Yoast SEO plugin. -->","yoast_head_json":{"title":"Dates limites et tarifs de candidature - INT.design","description":"Retrouvez toute l'Information concernant les dates et tarifs de la 17e \u00e9dition des GRANDS PRIX DU DESIGN .","robots":{"index":"index","follow":"follow","max-snippet":"max-snippet:-1","max-image-preview":"max-image-preview:large","max-video-preview":"max-video-preview:-1"},"canonical":"https:\/\/int.design\/fr\/grands-prix-du-design\/a-propos\/dates-limites-tarifs\/","og_locale":"fr_FR","og_type":"article","og_title":"Dates limites et tarifs de candidature - INT.design","og_description":"Retrouvez toute l'Information concernant les dates et tarifs de la 17e \u00e9dition des GRANDS PRIX DU DESIGN .","og_url":"https:\/\/int.design\/fr\/grands-prix-du-design\/a-propos\/dates-limites-tarifs\/","og_site_name":"INT Design","article_modified_time":"2026-02-27T13:37:46+00:00","og_image":[{"width":"589","height":"332","url":"https:\/\/d2q6z78khxmx42.cloudfront.net\/2020\/10\/Dates_TBpng","type":"image\/png"}],"twitter_card":"summary_large_image","twitter_misc":{"Est. reading time":"1 minute"},"schema":{"@context":"https:\/\/schema.org","@graph":[{"@type":"WebPage","@id":"https:\/\/int.design\/fr\/grands-prix-du-design\/a-propos\/dates-limites-tarifs\/","url":"https:\/\/int.design\/fr\/grands-prix-du-design\/a-propos\/dates-limites-tarifs\/","name":"Dates limites et tarifs de candidature - INT.design","isPartOf":{"@id":"https:\/\/int.design\/fr\/#website"},"datePublished":"2021-05-27T14:08:54+00:00","dateModified":"2026-02-27T13:37:46+00:00","description":"Retrouvez toute l'Information concernant les dates et tarifs de la 17e \u00e9dition des GRANDS PRIX DU DESIGN .","breadcrumb":{"@id":"https:\/\/int.design\/fr\/grands-prix-du-design\/a-propos\/dates-limites-tarifs\/#breadcrumb"},"inLanguage":"fr-FR","potentialAction":[{"@type":"ReadAction","target":["https:\/\/int.design\/fr\/grands-prix-du-design\/a-propos\/dates-limites-tarifs\/"]}]},{"@type":"BreadcrumbList","@id":"https:\/\/int.design\/fr\/grands-prix-du-design\/a-propos\/dates-limites-tarifs\/#breadcrumb","itemListElement":[{"@type":"ListItem","position":1,"name":"Home","item":"https:\/\/int.design\/fr\/"},{"@type":"ListItem","position":2,"name":"Grands Prix du Design","item":"https:\/\/int.design\/fr\/grands-prix-du-design\/"},{"@type":"ListItem","position":3,"name":"\u00c0 Propos","item":"https:\/\/int.design\/fr\/grands-prix-du-design\/a-propos\/"},{"@type":"ListItem","position":4,"name":"Dates limites &#038; tarifs"}]},{"@type":"WebSite","@id":"https:\/\/int.design\/fr\/#website","url":"https:\/\/int.design\/fr\/","name":"INT Design","description":"","potentialAction":[{"@type":"SearchAction","target":{"@type":"EntryPoint","urlTemplate":"https:\/\/int.design\/fr\/?s={search_term_string}"},"query-input":"required name=search_term_string"}],"inLanguage":"fr-FR"}]}},"_links":{"self":[{"href":"https:\/\/int.design\/fr\/wp-json\/wp\/v2\/pages\/6713","targetHints":{"allow":["GET"]}}],"collection":[{"href":"https:\/\/int.design\/fr\/wp-json\/wp\/v2\/pages"}],"about":[{"href":"https:\/\/int.design\/fr\/wp-json\/wp\/v2\/types\/page"}],"author":[{"embeddable":true,"href":"https:\/\/int.design\/fr\/wp-json\/wp\/v2\/users\/1"}],"replies":[{"embeddable":true,"href":"https:\/\/int.design\/fr\/wp-json\/wp\/v2\/comments?post=6713"}],"version-history":[{"count":762,"href":"https:\/\/int.design\/fr\/wp-json\/wp\/v2\/pages\/6713\/revisions"}],"predecessor-version":[{"id":148050,"href":"https:\/\/int.design\/fr\/wp-json\/wp\/v2\/pages\/6713\/revisions\/148050"}],"up":[{"embeddable":true,"href":"https:\/\/int.design\/fr\/wp-json\/wp\/v2\/pages\/6707"}],"wp:featuredmedia":[{"embeddable":true,"href":"https:\/\/int.design\/fr\/wp-json\/wp\/v2\/media\/31250"}],"wp:attachment":[{"href":"https:\/\/int.design\/fr\/wp-json\/wp\/v2\/media?parent=6713"}],"wp:term":[{"taxonomy":"contest_category","embeddable":true,"href":"https:\/\/int.design\/fr\/wp-json\/wp\/v2\/contest_category?post=6713"}],"curies":[{"name":"wp","href":"https:\/\/api.w.org\/{rel}","templated":true}]}}