{"id":6710,"date":"2020-03-18T17:27:18","date_gmt":"2020-05-28T14:08:42","guid":{"rendered":"https:\/\/intdesign.local\/concours\/grand-prix-du-design-13e-edition\/inscription\/categories\/"},"modified":"2026-02-27T12:32:18","modified_gmt":"2026-02-27T17:32:18","slug":"disciplines-et-categories","status":"publish","type":"page","link":"https:\/\/int.design\/fr\/grands-prix-du-design\/a-propos\/disciplines-et-categories\/","title":{"rendered":"Disciplines &#038; Cat\u00e9gories"},"content":{"rendered":"","protected":false},"excerpt":{"rendered":"","protected":false},"author":1,"featured_media":147047,"parent":6707,"menu_order":4,"comment_status":"closed","ping_status":"closed","template":"views\/template-contest-info-cats.blade.php","meta":{"content-type":"","footnotes":""},"contest_category":[],"class_list":["post-6710","page","type-page","status-publish","has-post-thumbnail","hentry"],"acf":[],"yoast_head":"<!-- This site is optimized with the Yoast SEO plugin v21.5 - https:\/\/yoast.com\/wordpress\/plugins\/seo\/ -->\n<title>Disciplines et cat\u00e9gories \u00e9ligibles au GRANDS PRIX DU DESIGN<\/title>\n<meta name=\"description\" content=\"Architecture, Design d\u2019int\u00e9rieur, Construction et d\u00e9veloppement immobilier, Design industriel , Design de produit, Design de marque, Design urbain, Am\u00e9nagement paysager; Retrouvez toutes les cat\u00e9gories \u00e9ligible au concours.\" \/>\n<meta name=\"robots\" content=\"index, follow, max-snippet:-1, max-image-preview:large, max-video-preview:-1\" \/>\n<link rel=\"canonical\" href=\"https:\/\/int.design\/fr\/grands-prix-du-design\/a-propos\/disciplines-et-categories\/\" \/>\n<meta property=\"og:locale\" content=\"fr_FR\" \/>\n<meta property=\"og:type\" content=\"article\" \/>\n<meta property=\"og:title\" content=\"Disciplines et cat\u00e9gories \u00e9ligibles au GRANDS PRIX DU DESIGN\" \/>\n<meta property=\"og:description\" content=\"Architecture, Design d\u2019int\u00e9rieur, Construction et d\u00e9veloppement immobilier, Design industriel , Design de produit, Design de marque, Design urbain, Am\u00e9nagement paysager; Retrouvez toutes les cat\u00e9gories \u00e9ligible au concours.\" \/>\n<meta property=\"og:url\" content=\"https:\/\/int.design\/fr\/grands-prix-du-design\/a-propos\/disciplines-et-categories\/\" \/>\n<meta property=\"og:site_name\" content=\"INT Design\" \/>\n<meta property=\"article:modified_time\" content=\"2026-02-27T17:32:18+00:00\" \/>\n<meta property=\"og:image\" content=\"https:\/\/int.design\/wp-content\/uploads\/2025\/12\/bandeau-projet-categories-1920x700px.jpg\" \/>\n\t<meta property=\"og:image:width\" content=\"1920\" \/>\n\t<meta property=\"og:image:height\" content=\"700\" \/>\n\t<meta property=\"og:image:type\" content=\"image\/jpeg\" \/>\n<meta name=\"twitter:card\" content=\"summary_large_image\" \/>\n<script type=\"application\/ld+json\" class=\"yoast-schema-graph\">{\"@context\":\"https:\/\/schema.org\",\"@graph\":[{\"@type\":\"WebPage\",\"@id\":\"https:\/\/int.design\/fr\/grands-prix-du-design\/a-propos\/disciplines-et-categories\/\",\"url\":\"https:\/\/int.design\/fr\/grands-prix-du-design\/a-propos\/disciplines-et-categories\/\",\"name\":\"Disciplines et cat\u00e9gories \u00e9ligibles au GRANDS PRIX DU DESIGN\",\"isPartOf\":{\"@id\":\"https:\/\/int.design\/fr\/#website\"},\"datePublished\":\"2020-05-28T14:08:42+00:00\",\"dateModified\":\"2026-02-27T17:32:18+00:00\",\"description\":\"Architecture, Design d\u2019int\u00e9rieur, Construction et d\u00e9veloppement immobilier, Design industriel , Design de produit, Design de marque, Design urbain, Am\u00e9nagement paysager; Retrouvez toutes les cat\u00e9gories \u00e9ligible au concours.\",\"breadcrumb\":{\"@id\":\"https:\/\/int.design\/fr\/grands-prix-du-design\/a-propos\/disciplines-et-categories\/#breadcrumb\"},\"inLanguage\":\"fr-FR\",\"potentialAction\":[{\"@type\":\"ReadAction\",\"target\":[\"https:\/\/int.design\/fr\/grands-prix-du-design\/a-propos\/disciplines-et-categories\/\"]}]},{\"@type\":\"BreadcrumbList\",\"@id\":\"https:\/\/int.design\/fr\/grands-prix-du-design\/a-propos\/disciplines-et-categories\/#breadcrumb\",\"itemListElement\":[{\"@type\":\"ListItem\",\"position\":1,\"name\":\"Home\",\"item\":\"https:\/\/int.design\/fr\/\"},{\"@type\":\"ListItem\",\"position\":2,\"name\":\"Grands Prix du Design\",\"item\":\"https:\/\/int.design\/fr\/grands-prix-du-design\/\"},{\"@type\":\"ListItem\",\"position\":3,\"name\":\"\u00c0 Propos\",\"item\":\"https:\/\/int.design\/fr\/grands-prix-du-design\/a-propos\/\"},{\"@type\":\"ListItem\",\"position\":4,\"name\":\"Disciplines &#038; Cat\u00e9gories\"}]},{\"@type\":\"WebSite\",\"@id\":\"https:\/\/int.design\/fr\/#website\",\"url\":\"https:\/\/int.design\/fr\/\",\"name\":\"INT Design\",\"description\":\"\",\"potentialAction\":[{\"@type\":\"SearchAction\",\"target\":{\"@type\":\"EntryPoint\",\"urlTemplate\":\"https:\/\/int.design\/fr\/?s={search_term_string}\"},\"query-input\":\"required name=search_term_string\"}],\"inLanguage\":\"fr-FR\"}]}<\/script>\n<!-- \/ Yoast SEO plugin. -->","yoast_head_json":{"title":"Disciplines et cat\u00e9gories \u00e9ligibles au GRANDS PRIX DU DESIGN","description":"Architecture, Design d\u2019int\u00e9rieur, Construction et d\u00e9veloppement immobilier, Design industriel , Design de produit, Design de marque, Design urbain, Am\u00e9nagement paysager; Retrouvez toutes les cat\u00e9gories \u00e9ligible au concours.","robots":{"index":"index","follow":"follow","max-snippet":"max-snippet:-1","max-image-preview":"max-image-preview:large","max-video-preview":"max-video-preview:-1"},"canonical":"https:\/\/int.design\/fr\/grands-prix-du-design\/a-propos\/disciplines-et-categories\/","og_locale":"fr_FR","og_type":"article","og_title":"Disciplines et cat\u00e9gories \u00e9ligibles au GRANDS PRIX DU DESIGN","og_description":"Architecture, Design d\u2019int\u00e9rieur, Construction et d\u00e9veloppement immobilier, Design industriel , Design de produit, Design de marque, Design urbain, Am\u00e9nagement paysager; Retrouvez toutes les cat\u00e9gories \u00e9ligible au concours.","og_url":"https:\/\/int.design\/fr\/grands-prix-du-design\/a-propos\/disciplines-et-categories\/","og_site_name":"INT Design","article_modified_time":"2026-02-27T17:32:18+00:00","og_image":[{"width":"1920","height":"700","url":"https:\/\/int.design\/wp-content\/uploads\/2025\/12\/bandeau-projet-categories-1920x700px.jpg","type":"image\/jpeg"}],"twitter_card":"summary_large_image","schema":{"@context":"https:\/\/schema.org","@graph":[{"@type":"WebPage","@id":"https:\/\/int.design\/fr\/grands-prix-du-design\/a-propos\/disciplines-et-categories\/","url":"https:\/\/int.design\/fr\/grands-prix-du-design\/a-propos\/disciplines-et-categories\/","name":"Disciplines et cat\u00e9gories \u00e9ligibles au GRANDS PRIX DU DESIGN","isPartOf":{"@id":"https:\/\/int.design\/fr\/#website"},"datePublished":"2020-05-28T14:08:42+00:00","dateModified":"2026-02-27T17:32:18+00:00","description":"Architecture, Design d\u2019int\u00e9rieur, Construction et d\u00e9veloppement immobilier, Design industriel , Design de produit, Design de marque, Design urbain, Am\u00e9nagement paysager; Retrouvez toutes les cat\u00e9gories \u00e9ligible au concours.","breadcrumb":{"@id":"https:\/\/int.design\/fr\/grands-prix-du-design\/a-propos\/disciplines-et-categories\/#breadcrumb"},"inLanguage":"fr-FR","potentialAction":[{"@type":"ReadAction","target":["https:\/\/int.design\/fr\/grands-prix-du-design\/a-propos\/disciplines-et-categories\/"]}]},{"@type":"BreadcrumbList","@id":"https:\/\/int.design\/fr\/grands-prix-du-design\/a-propos\/disciplines-et-categories\/#breadcrumb","itemListElement":[{"@type":"ListItem","position":1,"name":"Home","item":"https:\/\/int.design\/fr\/"},{"@type":"ListItem","position":2,"name":"Grands Prix du Design","item":"https:\/\/int.design\/fr\/grands-prix-du-design\/"},{"@type":"ListItem","position":3,"name":"\u00c0 Propos","item":"https:\/\/int.design\/fr\/grands-prix-du-design\/a-propos\/"},{"@type":"ListItem","position":4,"name":"Disciplines &#038; Cat\u00e9gories"}]},{"@type":"WebSite","@id":"https:\/\/int.design\/fr\/#website","url":"https:\/\/int.design\/fr\/","name":"INT Design","description":"","potentialAction":[{"@type":"SearchAction","target":{"@type":"EntryPoint","urlTemplate":"https:\/\/int.design\/fr\/?s={search_term_string}"},"query-input":"required name=search_term_string"}],"inLanguage":"fr-FR"}]}},"_links":{"self":[{"href":"https:\/\/int.design\/fr\/wp-json\/wp\/v2\/pages\/6710","targetHints":{"allow":["GET"]}}],"collection":[{"href":"https:\/\/int.design\/fr\/wp-json\/wp\/v2\/pages"}],"about":[{"href":"https:\/\/int.design\/fr\/wp-json\/wp\/v2\/types\/page"}],"author":[{"embeddable":true,"href":"https:\/\/int.design\/fr\/wp-json\/wp\/v2\/users\/1"}],"replies":[{"embeddable":true,"href":"https:\/\/int.design\/fr\/wp-json\/wp\/v2\/comments?post=6710"}],"version-history":[{"count":317,"href":"https:\/\/int.design\/fr\/wp-json\/wp\/v2\/pages\/6710\/revisions"}],"predecessor-version":[{"id":148139,"href":"https:\/\/int.design\/fr\/wp-json\/wp\/v2\/pages\/6710\/revisions\/148139"}],"up":[{"embeddable":true,"href":"https:\/\/int.design\/fr\/wp-json\/wp\/v2\/pages\/6707"}],"wp:featuredmedia":[{"embeddable":true,"href":"https:\/\/int.design\/fr\/wp-json\/wp\/v2\/media\/147047"}],"wp:attachment":[{"href":"https:\/\/int.design\/fr\/wp-json\/wp\/v2\/media?parent=6710"}],"wp:term":[{"taxonomy":"contest_category","embeddable":true,"href":"https:\/\/int.design\/fr\/wp-json\/wp\/v2\/contest_category?post=6710"}],"curies":[{"name":"wp","href":"https:\/\/api.w.org\/{rel}","templated":true}]}}