{"id":6635,"date":"2020-04-15T16:19:49","date_gmt":"2020-04-15T20:19:49","guid":{"rendered":"https:\/\/intdesign.local\/?page_id=6635"},"modified":"2025-11-14T10:11:53","modified_gmt":"2025-11-14T15:11:53","slug":"magazine-virtuel","status":"publish","type":"page","link":"https:\/\/int.design\/fr\/magazine-virtuel\/","title":{"rendered":"Magazine virtuel"},"content":{"rendered":"<h3 style=\"text-align: center;\">Les magazines INT.DESIGN c\u00e9l\u00e8brent et mettent en valeur la culture du design et de l&rsquo;architecture.<\/h3>\n<p>Objet de collection, source d\u2019inspiration de ce qui se fait de mieux en design, en architecture, en paysage et en environnement b\u00e2ti, les magazines INT.DESIGN pr\u00e9sente \u00e0 l\u2019industrie, aux donneurs d&rsquo;ouvrage et aux amateurs de design, 2 \u00e9ditions sp\u00e9ciales pr\u00e9sentant les projets laur\u00e9ats du concours GRANDS PRIX DU DESIGN et une \u00e9dition PEOPLE qui met en avant-sc\u00e8ne les personnalit\u00e9s et professionnels qui fa\u00e7onnent notre environnement et marquent notre industries.<\/p>\n<p style=\"text-align: center;\"><span style=\"color: #b7904c;\"><strong>Consulter les versions eMagazine en cliquant sur les pages couvertures (vous serez redirig\u00e9 vers le portail issuu.com)<\/strong><\/span><\/p>\n<p style=\"text-align: center;\"><span style=\"color: #b7904c;\"><strong>Procurez-vous la version papier d\u2019une de nos pr\u00e9c\u00e9dentes \u00e9ditions en nous contactant au 450 651-3630 ou par courriel \u00e0 <span style=\"color: #b7904c;\"><a style=\"color: #b7904c;\" href=\"mailto:info@int.design\">info@int.design<\/a><\/span><\/strong><\/span><\/p>\n<p style=\"text-align: center;\"><strong><span style=\"color: #ffffff;\"><a class=\"btn\" style=\"background-color: #b7904c; color: #ffffff;\" href=\"https:\/\/int.design\/fr\/abonnement\/\">Abonnez-vous afin de recevoir la version papier par courrier<\/a><\/span><\/strong><\/p>\n","protected":false},"excerpt":{"rendered":"<p>Les magazines INT.DESIGN c\u00e9l\u00e8brent et mettent en valeur la culture du design et de l&rsquo;architecture. Objet de collection, source d\u2019inspiration de ce qui se fait de mieux en design, en architecture, en paysage et en environnement b\u00e2ti, les magazines INT.DESIGN pr\u00e9sente \u00e0 l\u2019industrie, aux donneurs d&rsquo;ouvrage et aux amateurs de design, 2 \u00e9ditions sp\u00e9ciales pr\u00e9sentant &hellip; <a href=\"https:\/\/int.design\/fr\/magazine-virtuel\/\">Continued<\/a><\/p>\n","protected":false},"author":1,"featured_media":0,"parent":0,"menu_order":36,"comment_status":"closed","ping_status":"closed","template":"views\/template-magazine.blade.php","meta":{"content-type":"","footnotes":""},"contest_category":[],"class_list":["post-6635","page","type-page","status-publish","hentry"],"acf":[],"yoast_head":"<!-- This site is optimized with the Yoast SEO plugin v21.5 - https:\/\/yoast.com\/wordpress\/plugins\/seo\/ -->\n<title>Magazine virtuel - INT Design<\/title>\n<meta name=\"robots\" content=\"index, follow, max-snippet:-1, max-image-preview:large, max-video-preview:-1\" \/>\n<link rel=\"canonical\" href=\"https:\/\/int.design\/fr\/magazine-virtuel\/\" \/>\n<meta property=\"og:locale\" content=\"fr_FR\" \/>\n<meta property=\"og:type\" content=\"article\" \/>\n<meta property=\"og:title\" content=\"Magazine virtuel - INT Design\" \/>\n<meta property=\"og:description\" content=\"Les magazines INT.DESIGN c\u00e9l\u00e8brent et mettent en valeur la culture du design et de l&rsquo;architecture. Objet de collection, source d\u2019inspiration de ce qui se fait de mieux en design, en architecture, en paysage et en environnement b\u00e2ti, les magazines INT.DESIGN pr\u00e9sente \u00e0 l\u2019industrie, aux donneurs d&rsquo;ouvrage et aux amateurs de design, 2 \u00e9ditions sp\u00e9ciales pr\u00e9sentant &hellip; Continued\" \/>\n<meta property=\"og:url\" content=\"https:\/\/int.design\/fr\/magazine-virtuel\/\" \/>\n<meta property=\"og:site_name\" content=\"INT Design\" \/>\n<meta property=\"article:modified_time\" content=\"2025-11-14T15:11:53+00:00\" \/>\n<meta name=\"twitter:card\" content=\"summary_large_image\" \/>\n<meta name=\"twitter:label1\" content=\"Est. reading time\" \/>\n\t<meta name=\"twitter:data1\" content=\"1 minute\" \/>\n<script type=\"application\/ld+json\" class=\"yoast-schema-graph\">{\"@context\":\"https:\/\/schema.org\",\"@graph\":[{\"@type\":\"WebPage\",\"@id\":\"https:\/\/int.design\/fr\/magazine-virtuel\/\",\"url\":\"https:\/\/int.design\/fr\/magazine-virtuel\/\",\"name\":\"Magazine virtuel - INT Design\",\"isPartOf\":{\"@id\":\"https:\/\/int.design\/fr\/#website\"},\"datePublished\":\"2020-04-15T20:19:49+00:00\",\"dateModified\":\"2025-11-14T15:11:53+00:00\",\"breadcrumb\":{\"@id\":\"https:\/\/int.design\/fr\/magazine-virtuel\/#breadcrumb\"},\"inLanguage\":\"fr-FR\",\"potentialAction\":[{\"@type\":\"ReadAction\",\"target\":[\"https:\/\/int.design\/fr\/magazine-virtuel\/\"]}]},{\"@type\":\"BreadcrumbList\",\"@id\":\"https:\/\/int.design\/fr\/magazine-virtuel\/#breadcrumb\",\"itemListElement\":[{\"@type\":\"ListItem\",\"position\":1,\"name\":\"Home\",\"item\":\"https:\/\/int.design\/fr\/\"},{\"@type\":\"ListItem\",\"position\":2,\"name\":\"Magazine virtuel\"}]},{\"@type\":\"WebSite\",\"@id\":\"https:\/\/int.design\/fr\/#website\",\"url\":\"https:\/\/int.design\/fr\/\",\"name\":\"INT Design\",\"description\":\"\",\"potentialAction\":[{\"@type\":\"SearchAction\",\"target\":{\"@type\":\"EntryPoint\",\"urlTemplate\":\"https:\/\/int.design\/fr\/?s={search_term_string}\"},\"query-input\":\"required name=search_term_string\"}],\"inLanguage\":\"fr-FR\"}]}<\/script>\n<!-- \/ Yoast SEO plugin. -->","yoast_head_json":{"title":"Magazine virtuel - INT Design","robots":{"index":"index","follow":"follow","max-snippet":"max-snippet:-1","max-image-preview":"max-image-preview:large","max-video-preview":"max-video-preview:-1"},"canonical":"https:\/\/int.design\/fr\/magazine-virtuel\/","og_locale":"fr_FR","og_type":"article","og_title":"Magazine virtuel - INT Design","og_description":"Les magazines INT.DESIGN c\u00e9l\u00e8brent et mettent en valeur la culture du design et de l&rsquo;architecture. Objet de collection, source d\u2019inspiration de ce qui se fait de mieux en design, en architecture, en paysage et en environnement b\u00e2ti, les magazines INT.DESIGN pr\u00e9sente \u00e0 l\u2019industrie, aux donneurs d&rsquo;ouvrage et aux amateurs de design, 2 \u00e9ditions sp\u00e9ciales pr\u00e9sentant &hellip; Continued","og_url":"https:\/\/int.design\/fr\/magazine-virtuel\/","og_site_name":"INT Design","article_modified_time":"2025-11-14T15:11:53+00:00","twitter_card":"summary_large_image","twitter_misc":{"Est. reading time":"1 minute"},"schema":{"@context":"https:\/\/schema.org","@graph":[{"@type":"WebPage","@id":"https:\/\/int.design\/fr\/magazine-virtuel\/","url":"https:\/\/int.design\/fr\/magazine-virtuel\/","name":"Magazine virtuel - INT Design","isPartOf":{"@id":"https:\/\/int.design\/fr\/#website"},"datePublished":"2020-04-15T20:19:49+00:00","dateModified":"2025-11-14T15:11:53+00:00","breadcrumb":{"@id":"https:\/\/int.design\/fr\/magazine-virtuel\/#breadcrumb"},"inLanguage":"fr-FR","potentialAction":[{"@type":"ReadAction","target":["https:\/\/int.design\/fr\/magazine-virtuel\/"]}]},{"@type":"BreadcrumbList","@id":"https:\/\/int.design\/fr\/magazine-virtuel\/#breadcrumb","itemListElement":[{"@type":"ListItem","position":1,"name":"Home","item":"https:\/\/int.design\/fr\/"},{"@type":"ListItem","position":2,"name":"Magazine virtuel"}]},{"@type":"WebSite","@id":"https:\/\/int.design\/fr\/#website","url":"https:\/\/int.design\/fr\/","name":"INT Design","description":"","potentialAction":[{"@type":"SearchAction","target":{"@type":"EntryPoint","urlTemplate":"https:\/\/int.design\/fr\/?s={search_term_string}"},"query-input":"required name=search_term_string"}],"inLanguage":"fr-FR"}]}},"_links":{"self":[{"href":"https:\/\/int.design\/fr\/wp-json\/wp\/v2\/pages\/6635","targetHints":{"allow":["GET"]}}],"collection":[{"href":"https:\/\/int.design\/fr\/wp-json\/wp\/v2\/pages"}],"about":[{"href":"https:\/\/int.design\/fr\/wp-json\/wp\/v2\/types\/page"}],"author":[{"embeddable":true,"href":"https:\/\/int.design\/fr\/wp-json\/wp\/v2\/users\/1"}],"replies":[{"embeddable":true,"href":"https:\/\/int.design\/fr\/wp-json\/wp\/v2\/comments?post=6635"}],"version-history":[{"count":52,"href":"https:\/\/int.design\/fr\/wp-json\/wp\/v2\/pages\/6635\/revisions"}],"predecessor-version":[{"id":146072,"href":"https:\/\/int.design\/fr\/wp-json\/wp\/v2\/pages\/6635\/revisions\/146072"}],"wp:attachment":[{"href":"https:\/\/int.design\/fr\/wp-json\/wp\/v2\/media?parent=6635"}],"wp:term":[{"taxonomy":"contest_category","embeddable":true,"href":"https:\/\/int.design\/fr\/wp-json\/wp\/v2\/contest_category?post=6635"}],"curies":[{"name":"wp","href":"https:\/\/api.w.org\/{rel}","templated":true}]}}