{"id":3,"date":"2020-02-25T13:39:02","date_gmt":"2020-02-25T18:39:02","guid":{"rendered":"https:\/\/int.design\/?page_id=3"},"modified":"2024-01-11T14:17:20","modified_gmt":"2024-01-11T19:17:20","slug":"politique-de-confidentialite","status":"publish","type":"page","link":"https:\/\/int.design\/fr\/politique-de-confidentialite\/","title":{"rendered":"Politique de confidentialit\u00e9"},"content":{"rendered":"<h3 style=\"text-align: center;\"><strong>Politique de confidentialit\u00e9<\/strong><\/h3>\n<p>INT.design respecte l&rsquo;identit\u00e9 et les informations personnelles en encourageant l&rsquo;utilisation de pratiques \u00e9quitables en mati\u00e8re d&rsquo;information. Cette d\u00e9claration de confidentialit\u00e9 couvre le site <a href=\"https:\/\/www.int.design\">https:\/\/www.int.design<\/a><\/p>\n<p>La politique de confidentialit\u00e9 de INT.design est applicable aux applications en ligne et mobiles, aux sites Web, aux produits et services qui r\u00e9f\u00e8rent \u00e0 cette politique. Cette politique couvre la collecte et l&rsquo;utilisation des informations personnelles que vous choisissez de partager avec INT.design \u00e0 chaque fois que vous interagissez avec nous, comme lorsque vous visitez notre site Web, lorsque vous achetez des produits et services INT.design, ou lorsque vous appelez nos d\u00e9partements de vente ou de support. Nous utiliserons ces informations pour traiter vos demandes ou vos commandes, pour fournir un site Web et une exp\u00e9rience d&rsquo;achat plus personnalis\u00e9s et pour nous aider \u00e0 am\u00e9liorer les services que nous offrons.<\/p>\n<p>Veuillez prendre un moment pour lire la politique de confidentialit\u00e9 suivante afin d&rsquo;en savoir plus sur nos pratiques en mati\u00e8re d&rsquo;information, notamment sur les types d&rsquo;informations recueillies, la mani\u00e8re dont les informations sont utilis\u00e9es et \u00e0 quelles fins, les personnes \u00e0 qui nous divulguons les informations et la mani\u00e8re dont nous prot\u00e9geons vos informations personnelles.<\/p>\n<p><strong>Collecte d&rsquo;informations<\/strong><\/p>\n<p>INT.design recueille des informations aupr\u00e8s des utilisateurs en plusieurs points de son site Web. Nous ne recueillons que les informations qui sont essentielles pour vous servir, vous informer, vous rappeler les dates limites, ou dans certains cas, promouvoir votre entreprise et votre travail aupr\u00e8s du public.<\/p>\n<p>Toute information personnelle recueillie dans les formulaires est destin\u00e9e \u00e0 notre usage priv\u00e9 uniquement. Les num\u00e9ros de t\u00e9l\u00e9phone, les adresses postales et les adresses \u00e9lectroniques ne seront pas vendus ou distribu\u00e9s \u00e0 des tiers ni publi\u00e9s en ligne.<\/p>\n<p><strong>Les informations que nous recueillons<\/strong><\/p>\n<p>Sur le site Web de INT.design, vous pouvez, entre autres, participer \u00e0 des concours, vous abonner \u00e0 nos publications, mettre des photos, cr\u00e9er des tableaux, publier des nouvelles et des articles, acheter des billets pour des soir\u00e9es ou conf\u00e9rences.<\/p>\n<p>En outre, nous recueillons des informations techniques sur les appareils, telles que l&rsquo;identifiant unique de votre appareil, ainsi que des informations sur vos visites et votre activit\u00e9 sur nos sites web, y compris le contenu (et toute publicit\u00e9) que vous consultez et avec lequel vous interagissez, l&rsquo;adresse du site Web d&rsquo;o\u00f9 vous \u00eates arriv\u00e9 et d&rsquo;autres comportements de navigation (tels que les pages que vous consultez, les liens sur lesquels vous cliquez, les articles que vous ajoutez \u00e0 votre panier, la dur\u00e9e de votre session de navigation, votre adresse IP et l&#8217;emplacement approximatif au moment de la navigation). Les adresses IP ne sont pas li\u00e9es \u00e0 des informations permettant de vous identifier personnellement.<\/p>\n<p><strong>L\u2019informations collect\u00e9es par les cookies, l&rsquo;analyse web et les technologies de suivi :<\/strong><\/p>\n<p>Nous pouvons utiliser des technologies qui enregistrent les cookies sur votre ordinateur ou votre appareil mobile. Les cookies sont de petits fichiers de donn\u00e9es stock\u00e9s sur votre disque dur ou dans la m\u00e9moire de votre appareil qui nous aident \u00e0 am\u00e9liorer votre exp\u00e9rience sur le site web INT.design. Les cookies servent uniquement \u00e0 comprendre nos performances publicitaires avec un minimum d&rsquo;informations collect\u00e9es. Nous ne suivrons pas et n&rsquo;enregistrerons pas votre activit\u00e9 une fois que vous aurez quitt\u00e9 notre site web. Nous pouvons \u00e9galement recueillir des informations en utilisant des services d&rsquo;analyse web. Ces services, tels que Google Analytics, nous aident \u00e0 comprendre comment am\u00e9liorer l&rsquo;exp\u00e9rience des visiteurs sur le site web.<\/p>\n<p><strong>Comment nous recueillons les informations<\/strong><\/p>\n<p>Nous recueillons des informations sur vous lorsque vous cr\u00e9ez un compte sur nos sites Web, vous vous abonnez \u00e0 nos infolettres, vous remplissez un formulaire, vous saisissez des informations sur notre site Web, vous nous appelez ou vous nous contactez par un autre canal.<\/p>\n<p>Nous demandons des informations sur les utilisateurs dans nos formulaires de commande, o\u00f9 vous devez fournir vos coordonn\u00e9es et vos informations financi\u00e8res. Ces informations sont utilis\u00e9es \u00e0 des fins de facturation et pour ex\u00e9cuter les commandes des clients. En cas de probl\u00e8me lors du traitement d&rsquo;une commande, ces informations de contact sont utilis\u00e9es pour vous contacter.<\/p>\n<p>Comment nous partageons vos informations<\/p>\n<p>Nous ne communiquerons aucune de vos informations personnelles \u00e0 des tiers sans votre autorisation, sauf<\/p>\n<p>&#8211; lorsque cela est n\u00e9cessaire pour nos employ\u00e9s, agents, sous-traitants, fournisseurs ou partenaires commerciaux pour nous fournir un service connexe ou effectuer une t\u00e2che en notre nom. Les tiers que nous employons pour traiter vos donn\u00e9es en notre nom sont soumis \u00e0 des obligations contractuelles visant \u00e0 prot\u00e9ger la s\u00e9curit\u00e9 de vos donn\u00e9es conform\u00e9ment aux termes de la pr\u00e9sente politique de confidentialit\u00e9 ;<\/p>\n<p>&#8211; lorsque nous estimons qu&rsquo;il est n\u00e9cessaire pour d&rsquo;autres soci\u00e9t\u00e9s, institutions financi\u00e8res ou \u00e9tablissements de faire respecter la loi dans le cadre de la pr\u00e9vention ou de la d\u00e9tection de la fraude ;<\/p>\n<p>&#8211; sous la forme d&rsquo;informations statistiques agr\u00e9g\u00e9es, y compris des informations relatives aux ventes et \u00e0 l&rsquo;utilisation du Web, pour les annonceurs et nos partenaires commerciaux afin de contr\u00f4ler l&rsquo;efficacit\u00e9 de nos partenariats commerciaux et de vendre de la publicit\u00e9. Nous pouvons \u00e9galement transmettre ces informations \u00e0 des tiers de bonne r\u00e9putation pour la vente ;<\/p>\n<p>&#8211; lorsque cela est n\u00e9cessaire pour poursuivre les int\u00e9r\u00eats l\u00e9gitimes d&rsquo;INT.design ou lorsque la loi l&rsquo;exige ou le permet.<\/p>\n<p>Toute diffusion de vos donn\u00e9es personnelles par nos soins \u00e0 un tiers soigneusement s\u00e9lectionn\u00e9 ou \u00e0 l&rsquo;un des tiers mentionn\u00e9s dans la liste ci-dessus est conforme aux dispositions du r\u00e8glement g\u00e9n\u00e9ral sur la protection des donn\u00e9es. Vous \u00eates assur\u00e9 que des dispositions contractuelles sont pr\u00e9vues pour garantir que les tiers :<\/p>\n<p>&#8211; n&rsquo;utilisent pas vos donn\u00e9es \u00e0 caract\u00e8re personnel \u00e0 des fins autres que celles que nous avons enregistr\u00e9es, conform\u00e9ment aux objectifs d\u00e9crits dans le pr\u00e9sent document de politique<\/p>\n<p>&#8211; ont pris les mesures de s\u00e9curit\u00e9 n\u00e9cessaires \u00e0 la protection des donn\u00e9es \u00e0 caract\u00e8re personnel contre un traitement non autoris\u00e9 et contre la perte, la destruction ou la d\u00e9t\u00e9rioration involontaires de vos donn\u00e9es \u00e0 caract\u00e8re personnel.<\/p>\n<p><strong>Liens vers d&rsquo;autres sites<\/strong><\/p>\n<p>Il est possible que notre site contienne des liens vers d\u2019autres sites qui ne sont pas sous notre contr\u00f4le. Si vous d\u00e9cidez de cliquer sur un de ces liens, vous serez redirig\u00e9 vers le site d\u2019un tiers. Nous vous recommandons fortement de lire la politique de confidentialit\u00e9 de chaque site que vous visitez.<br \/>\nInt.design ne peut garantir ni contr\u00f4ler le contenu, les politiques de confidentialit\u00e9 ou les pratiques des sites ou services tiers et n\u2019est donc pas responsable de ces aspects pour les sites ou services tiers.<\/p>\n<p><strong>La s\u00e9curit\u00e9 des informations personnelles<\/strong><\/p>\n<p>INT.design prend des mesures commercialement raisonnables pour prot\u00e9ger la s\u00e9curit\u00e9 de vos informations personnelles. Notre entreprise offre des garanties physiques, \u00e9lectroniques et de proc\u00e9dures pour prot\u00e9ger les informations. Veuillez noter que, bien que nous fassions tout notre possible pour assurer une s\u00e9curit\u00e9 raisonnable des informations que nous traitons et conservons, aucun site web, aucune transmission par Internet, aucun syst\u00e8me informatique ou connexion sans fil n&rsquo;est totalement s\u00e9curis\u00e9 et ne peut emp\u00eacher toutes les violations potentielles de la s\u00e9curit\u00e9. Nous ne pouvons pas garantir que des acc\u00e8s non autoris\u00e9s, des piratages, des pertes de donn\u00e9es ou d&rsquo;autres violations ne se produiront jamais. Vous utilisez le site web \u00e0 vos propres risques.<\/p>\n<p><strong>Protection des mineurs<\/strong><\/p>\n<p>Tout individu \u00e2g\u00e9 de moins de moins de 14 ans est consid\u00e9r\u00e9 comme \u00e9tant mineur au Canada au sens de la Loi modernisant des dispositions l\u00e9gislatives en mati\u00e8re de protection des renseignements personnels.<br \/>\nNotre site ne vise pas les mineurs. Nous ne collectons pas intentionnellement d\u2019informations personnelles aupr\u00e8s d\u2019enfants de moins de 14 ans. Veuillez nous contacter si vous \u00eates parent ou tuteur et que vous d\u00e9couvrez que vos enfants nous ont fourni des informations personnelles. \u00c0 la suite de leur d\u00e9couverte, les informations personnelles fournies par une personne \u00e2g\u00e9e de moins de 14 ans seront imm\u00e9diatement supprim\u00e9es de nos serveurs.<\/p>\n<p><strong>Vos droits en tant qu&rsquo;utilisateur<\/strong><\/p>\n<p>Vous avez le droit d\u2019acc\u00e9der aux informations personnelles que nous avons collect\u00e9es sur vous en tout temps. Vous avez le droit de mettre \u00e0 jour ou de corriger toute information personnelle que nous poss\u00e9dons et qui vous concerne, dans la mesure o\u00f9 cela est autoris\u00e9 par la loi.<br \/>\nVous pouvez r\u00e9voquer ou modifier votre consentement \u00e0 la collecte de vos donn\u00e9es \u00e0 tout moment, dans la mesure o\u00f9 cela est consid\u00e9r\u00e9 comme acceptable et \u00e0 condition de nous en aviser dans un d\u00e9lai raisonnable.<\/p>\n<p><strong>Changements de politique<\/strong><\/p>\n<p>Nous nous r\u00e9servons le droit de modifier, d&rsquo;alt\u00e9rer ou de mettre \u00e0 jour cette politique de confidentialit\u00e9 de temps \u00e0 autre. Votre utilisation continue du site web apr\u00e8s la publication de ces modifications, alt\u00e9rations ou mises \u00e0 jour signifie que vous les acceptez. Veuillez noter que chaque fois que vous utilisez le site web, la version actuelle de la pr\u00e9sente politique de confidentialit\u00e9 s&rsquo;applique.<\/p>\n<p><strong>Acceptation des conditions<\/strong><\/p>\n<p>En utilisant l&rsquo;un de nos produits et services, vous reconnaissez avoir lu, accept\u00e9 et approuv\u00e9 cette d\u00e9claration de politique de confidentialit\u00e9.<\/p>\n<p><strong>Modifier, supprimer ou contester les donn\u00e9es recueillies<\/strong><\/p>\n<p>Si vous d\u00e9sirez que vos informations personnelles soient supprim\u00e9es ou modifi\u00e9es d\u2019une quelconque fa\u00e7on, veuillez communiquer avec notre agent responsable de la protection des renseignements personnels ici : social@int.design<\/p>\n<p><strong>Communication avec l\u2019agent responsable de la protection des renseignements personnels<\/strong><\/p>\n<p>Le r\u00f4le de l\u2019agent responsable de la protection des renseignements personnels est d\u2019assurer le respect des lois applicables en mati\u00e8re de vie priv\u00e9e et de la pr\u00e9sente politique et de r\u00e9pondre aux questions, aux inqui\u00e9tudes et aux plaintes. \u00c0 la FCEI, ce responsable est la personne qui assure la vice-pr\u00e9sidence principale des finances et de l\u2019administration. Les questions et les commentaires peuvent lui \u00eatre adress\u00e9s aux coordonn\u00e9es suivantes :<\/p>\n<p>Agent responsable de la protection des renseignements personnels<br \/>\nCourriel : social@int.design<br \/>\n1080 Ste-Helene, Longueuil, QC J4K 3R9<br \/>\nCanada<br \/>\n450-651-3630<\/p>\n<p>Nous vous r\u00e9pondrons dans les plus brefs d\u00e9lais pour vous informer de toute mesure prise ou pr\u00e9vue en r\u00e9ponse au probl\u00e8me soulev\u00e9 ou \u00e0 l\u2019id\u00e9e propos\u00e9e.<\/p>\n","protected":false},"excerpt":{"rendered":"<p>Politique de confidentialit\u00e9 INT.design respecte l&rsquo;identit\u00e9 et les informations personnelles en encourageant l&rsquo;utilisation de pratiques \u00e9quitables en mati\u00e8re d&rsquo;information. Cette d\u00e9claration de confidentialit\u00e9 couvre le site https:\/\/www.int.design La politique de confidentialit\u00e9 de INT.design est applicable aux applications en ligne et mobiles, aux sites Web, aux produits et services qui r\u00e9f\u00e8rent \u00e0 cette politique. Cette politique &hellip; <a href=\"https:\/\/int.design\/fr\/politique-de-confidentialite\/\">Continued<\/a><\/p>\n","protected":false},"author":1,"featured_media":0,"parent":0,"menu_order":39,"comment_status":"closed","ping_status":"closed","template":"","meta":{"content-type":"","footnotes":""},"contest_category":[],"class_list":["post-3","page","type-page","status-publish","hentry"],"acf":[],"yoast_head":"<!-- This site is optimized with the Yoast SEO plugin v21.5 - https:\/\/yoast.com\/wordpress\/plugins\/seo\/ -->\n<title>Politique de confidentialit\u00e9 - INT Design<\/title>\n<meta name=\"robots\" content=\"index, follow, max-snippet:-1, max-image-preview:large, max-video-preview:-1\" \/>\n<link rel=\"canonical\" href=\"https:\/\/int.design\/fr\/politique-de-confidentialite\/\" \/>\n<meta property=\"og:locale\" content=\"fr_FR\" \/>\n<meta property=\"og:type\" content=\"article\" \/>\n<meta property=\"og:title\" content=\"Politique de confidentialit\u00e9 - INT Design\" \/>\n<meta property=\"og:description\" content=\"Politique de confidentialit\u00e9 INT.design respecte l&rsquo;identit\u00e9 et les informations personnelles en encourageant l&rsquo;utilisation de pratiques \u00e9quitables en mati\u00e8re d&rsquo;information. Cette d\u00e9claration de confidentialit\u00e9 couvre le site https:\/\/www.int.design La politique de confidentialit\u00e9 de INT.design est applicable aux applications en ligne et mobiles, aux sites Web, aux produits et services qui r\u00e9f\u00e8rent \u00e0 cette politique. Cette politique &hellip; Continued\" \/>\n<meta property=\"og:url\" content=\"https:\/\/int.design\/fr\/politique-de-confidentialite\/\" \/>\n<meta property=\"og:site_name\" content=\"INT Design\" \/>\n<meta property=\"article:modified_time\" content=\"2024-01-11T19:17:20+00:00\" \/>\n<meta name=\"twitter:card\" content=\"summary_large_image\" \/>\n<meta name=\"twitter:label1\" content=\"Est. reading time\" \/>\n\t<meta name=\"twitter:data1\" content=\"9 minutes\" \/>\n<script type=\"application\/ld+json\" class=\"yoast-schema-graph\">{\"@context\":\"https:\/\/schema.org\",\"@graph\":[{\"@type\":\"WebPage\",\"@id\":\"https:\/\/int.design\/fr\/politique-de-confidentialite\/\",\"url\":\"https:\/\/int.design\/fr\/politique-de-confidentialite\/\",\"name\":\"Politique de confidentialit\u00e9 - INT Design\",\"isPartOf\":{\"@id\":\"https:\/\/int.design\/fr\/#website\"},\"datePublished\":\"2020-02-25T18:39:02+00:00\",\"dateModified\":\"2024-01-11T19:17:20+00:00\",\"breadcrumb\":{\"@id\":\"https:\/\/int.design\/fr\/politique-de-confidentialite\/#breadcrumb\"},\"inLanguage\":\"fr-FR\",\"potentialAction\":[{\"@type\":\"ReadAction\",\"target\":[\"https:\/\/int.design\/fr\/politique-de-confidentialite\/\"]}]},{\"@type\":\"BreadcrumbList\",\"@id\":\"https:\/\/int.design\/fr\/politique-de-confidentialite\/#breadcrumb\",\"itemListElement\":[{\"@type\":\"ListItem\",\"position\":1,\"name\":\"Home\",\"item\":\"https:\/\/int.design\/fr\/\"},{\"@type\":\"ListItem\",\"position\":2,\"name\":\"Politique de confidentialit\u00e9\"}]},{\"@type\":\"WebSite\",\"@id\":\"https:\/\/int.design\/fr\/#website\",\"url\":\"https:\/\/int.design\/fr\/\",\"name\":\"INT Design\",\"description\":\"\",\"potentialAction\":[{\"@type\":\"SearchAction\",\"target\":{\"@type\":\"EntryPoint\",\"urlTemplate\":\"https:\/\/int.design\/fr\/?s={search_term_string}\"},\"query-input\":\"required name=search_term_string\"}],\"inLanguage\":\"fr-FR\"}]}<\/script>\n<!-- \/ Yoast SEO plugin. -->","yoast_head_json":{"title":"Politique de confidentialit\u00e9 - INT Design","robots":{"index":"index","follow":"follow","max-snippet":"max-snippet:-1","max-image-preview":"max-image-preview:large","max-video-preview":"max-video-preview:-1"},"canonical":"https:\/\/int.design\/fr\/politique-de-confidentialite\/","og_locale":"fr_FR","og_type":"article","og_title":"Politique de confidentialit\u00e9 - INT Design","og_description":"Politique de confidentialit\u00e9 INT.design respecte l&rsquo;identit\u00e9 et les informations personnelles en encourageant l&rsquo;utilisation de pratiques \u00e9quitables en mati\u00e8re d&rsquo;information. Cette d\u00e9claration de confidentialit\u00e9 couvre le site https:\/\/www.int.design La politique de confidentialit\u00e9 de INT.design est applicable aux applications en ligne et mobiles, aux sites Web, aux produits et services qui r\u00e9f\u00e8rent \u00e0 cette politique. Cette politique &hellip; Continued","og_url":"https:\/\/int.design\/fr\/politique-de-confidentialite\/","og_site_name":"INT Design","article_modified_time":"2024-01-11T19:17:20+00:00","twitter_card":"summary_large_image","twitter_misc":{"Est. reading time":"9 minutes"},"schema":{"@context":"https:\/\/schema.org","@graph":[{"@type":"WebPage","@id":"https:\/\/int.design\/fr\/politique-de-confidentialite\/","url":"https:\/\/int.design\/fr\/politique-de-confidentialite\/","name":"Politique de confidentialit\u00e9 - INT Design","isPartOf":{"@id":"https:\/\/int.design\/fr\/#website"},"datePublished":"2020-02-25T18:39:02+00:00","dateModified":"2024-01-11T19:17:20+00:00","breadcrumb":{"@id":"https:\/\/int.design\/fr\/politique-de-confidentialite\/#breadcrumb"},"inLanguage":"fr-FR","potentialAction":[{"@type":"ReadAction","target":["https:\/\/int.design\/fr\/politique-de-confidentialite\/"]}]},{"@type":"BreadcrumbList","@id":"https:\/\/int.design\/fr\/politique-de-confidentialite\/#breadcrumb","itemListElement":[{"@type":"ListItem","position":1,"name":"Home","item":"https:\/\/int.design\/fr\/"},{"@type":"ListItem","position":2,"name":"Politique de confidentialit\u00e9"}]},{"@type":"WebSite","@id":"https:\/\/int.design\/fr\/#website","url":"https:\/\/int.design\/fr\/","name":"INT Design","description":"","potentialAction":[{"@type":"SearchAction","target":{"@type":"EntryPoint","urlTemplate":"https:\/\/int.design\/fr\/?s={search_term_string}"},"query-input":"required name=search_term_string"}],"inLanguage":"fr-FR"}]}},"_links":{"self":[{"href":"https:\/\/int.design\/fr\/wp-json\/wp\/v2\/pages\/3","targetHints":{"allow":["GET"]}}],"collection":[{"href":"https:\/\/int.design\/fr\/wp-json\/wp\/v2\/pages"}],"about":[{"href":"https:\/\/int.design\/fr\/wp-json\/wp\/v2\/types\/page"}],"author":[{"embeddable":true,"href":"https:\/\/int.design\/fr\/wp-json\/wp\/v2\/users\/1"}],"replies":[{"embeddable":true,"href":"https:\/\/int.design\/fr\/wp-json\/wp\/v2\/comments?post=3"}],"version-history":[{"count":5,"href":"https:\/\/int.design\/fr\/wp-json\/wp\/v2\/pages\/3\/revisions"}],"predecessor-version":[{"id":124498,"href":"https:\/\/int.design\/fr\/wp-json\/wp\/v2\/pages\/3\/revisions\/124498"}],"wp:attachment":[{"href":"https:\/\/int.design\/fr\/wp-json\/wp\/v2\/media?parent=3"}],"wp:term":[{"taxonomy":"contest_category","embeddable":true,"href":"https:\/\/int.design\/fr\/wp-json\/wp\/v2\/contest_category?post=3"}],"curies":[{"name":"wp","href":"https:\/\/api.w.org\/{rel}","templated":true}]}}