{"id":1879,"date":"2020-07-02T06:09:18","date_gmt":"2020-07-02T10:09:18","guid":{"rendered":"https:\/\/int.design\/?page_id=1879"},"modified":"2026-04-06T21:37:53","modified_gmt":"2026-04-07T01:37:53","slug":"chinadesign","status":"publish","type":"page","link":"https:\/\/int.design\/fr\/concours\/china-design\/chinadesign\/","title":{"rendered":"Le concours"},"content":{"rendered":"<h2 style=\"text-align: center;\">Le Design chinois dans les yeux des nord-am\u00e9ricains<\/h2>\n<p style=\"text-align: left;\"><span style=\"color: #c9a254;\"><em>Rayonnement du design chinois par la participation de designers, de promoteurs et d\u2019entreprises de Chine \u00e0 un concours international<\/em><\/span><\/p>\n<p style=\"text-align: center;\">&#8212;&#8212;&#8212;&#8212;&#8212;&#8212;&#8212;&#8212;&#8212;&#8212;&#8212;&#8212;&#8212;&#8212;&#8212;&#8212;&#8212;&#8212;&#8212;&#8212;&#8212;&#8212;&#8212;&#8211; PREMI\u00c8RE \u00c9DITION &#8212;&#8212;&#8212;&#8212;&#8212;&#8212;&#8212;&#8212;&#8212;&#8212;&#8212;&#8212;&#8212;&#8212;&#8212;&#8212;&#8212;&#8212;&#8212;&#8212;&#8212;-<\/p>\n<p>\u00c0 la suite d\u2019une entente de collaboration entre l\u2019<span style=\"color: #c9a254;\">Asia Pacific Design Center \u2013 APDC<\/span> et l\u2019<span style=\"color: #c9a254;\">Agence PID<\/span>, un nouveau concours international \u00e0 vu le jour et connu une premi\u00e8re \u00e9dition en 2019.<\/p>\n<p style=\"text-align: right;\">&#8212;&#8212;&#8211; <span style=\"color: #c9a254;\">LES PARTICIPANTS<\/span> : Designers, promoteurs et entreprises en provenance de la Chine \u00e9taient invit\u00e9s \u00e0 soumettre leurs projets dans diff\u00e9rentes cat\u00e9gories.<\/p>\n<p><em>Les participants ont b\u00e9n\u00e9fici\u00e9 d\u2019une visibilit\u00e9 dans un espace d\u00e9di\u00e9 lors du <span style=\"color: #c9a254;\">Salon International du Design de Montr\u00e9al<\/span> en avril 2019, o\u00f9 durant les 3 jours de l\u2019expositions, des milliers de visiteurs ont d\u00e9couvert les projets et le design chinois.<\/em><\/p>\n<p style=\"text-align: right;\">&#8212;&#8212;&#8211; Un <span style=\"color: #c9a254;\">JURY<\/span> compos\u00e9 de 4 personnes d\u2019horizons divers : Un repr\u00e9sentant de l\u2019industrie du design et de l\u2019architecture, un m\u00e9dia, un artiste et un professeur universitaire \u00e9tait invit\u00e9 \u00e0 choisir le Top 1 parmi les projets soumis.<\/p>\n<p><img loading=\"lazy\" decoding=\"async\" class=\"aligncenter wp-image-8600 size-full\" src=\"https:\/\/int.design\/wp-content\/uploads\/2020\/07\/images.png\" alt=\"\" width=\"976\" height=\"400\" srcset=\"https:\/\/d2q6z78khxmx42.cloudfront.net\/2020\/07\/images-300x123.png 300w, https:\/\/d2q6z78khxmx42.cloudfront.net\/2020\/07\/images-768x315.png 768w, https:\/\/d2q6z78khxmx42.cloudfront.net\/2020\/07\/iXhICf05-images-560x230.png 560w, https:\/\/d2q6z78khxmx42.cloudfront.net\/2020\/07\/images-415x170.png 415w, https:\/\/d2q6z78khxmx42.cloudfront.net\/2020\/07\/images-235x96.png 235w, https:\/\/d2q6z78khxmx42.cloudfront.net\/2020\/07\/images-550x225.png 550w, https:\/\/d2q6z78khxmx42.cloudfront.net\/2020\/07\/images-275x113.png 275w, https:\/\/d2q6z78khxmx42.cloudfront.net\/2020\/07\/images.png 976w\" sizes=\"auto, (max-width: 976px) 100vw, 976px\" \/><\/p>\n<p><em>Apr\u00e8s l\u2019exposition des projets au Salon International du Design de Montr\u00e9al, le r\u00e9sultat du concours a \u00e9t\u00e9 pr\u00e9sent\u00e9 dans l\u2019\u00e9dition automne-hiver du prestigieux magazine international <span style=\"color: #c9a254;\">INT\u00c9RIEURS<\/span>.\u00a0<\/em><\/p>\n<p>Le magazine <span style=\"text-decoration: underline;\"><strong>INT\u00c9RIEURS<\/strong><\/span> a \u00e9t\u00e9 d\u00e9voil\u00e9 lors de la remise des prix de l\u2019APDC en novembre 2019.<\/p>\n<p><iframe loading=\"lazy\" title=\"China Design In North American Eyes_Finalists &amp; Top 1\" width=\"500\" height=\"281\" src=\"https:\/\/www.youtube.com\/embed\/3w5JnoZVK70?feature=oembed\" frameborder=\"0\" allow=\"accelerometer; autoplay; clipboard-write; encrypted-media; gyroscope; picture-in-picture; web-share\" referrerpolicy=\"strict-origin-when-cross-origin\" allowfullscreen><\/iframe><\/p>\n<p>&nbsp;<\/p>\n<p><img loading=\"lazy\" decoding=\"async\" class=\"aligncenter wp-image-9711 size-full\" src=\"https:\/\/int.design\/wp-content\/uploads\/2020\/07\/bouton-2edition-1-blanc.png\" alt=\"\" width=\"960\" height=\"150\" srcset=\"https:\/\/d2q6z78khxmx42.cloudfront.net\/2020\/07\/bouton-2edition-1-blanc-300x47.png 300w, https:\/\/d2q6z78khxmx42.cloudfront.net\/2020\/07\/bouton-2edition-1-blanc-768x120.png 768w, https:\/\/d2q6z78khxmx42.cloudfront.net\/2020\/07\/QTzDIvoL-bouton-2edition-1-blanc-560x88.png 560w, https:\/\/d2q6z78khxmx42.cloudfront.net\/2020\/07\/bouton-2edition-1-blanc-235x37.png 235w, https:\/\/d2q6z78khxmx42.cloudfront.net\/2020\/07\/bouton-2edition-1-blanc-550x86.png 550w, https:\/\/d2q6z78khxmx42.cloudfront.net\/2020\/07\/bouton-2edition-1-blanc-275x43.png 275w, https:\/\/d2q6z78khxmx42.cloudfront.net\/2020\/07\/bouton-2edition-1-blanc.png 960w\" sizes=\"auto, (max-width: 960px) 100vw, 960px\" \/><\/p>\n<p>&nbsp;<\/p>\n","protected":false},"excerpt":{"rendered":"<p>Le Design chinois dans les yeux des nord-am\u00e9ricains Rayonnement du design chinois par la participation de designers, de promoteurs et d\u2019entreprises de Chine \u00e0 un concours international &#8212;&#8212;&#8212;&#8212;&#8212;&#8212;&#8212;&#8212;&#8212;&#8212;&#8212;&#8212;&#8212;&#8212;&#8212;&#8212;&#8212;&#8212;&#8212;&#8212;&#8212;&#8212;&#8212;&#8211; PREMI\u00c8RE \u00c9DITION &#8212;&#8212;&#8212;&#8212;&#8212;&#8212;&#8212;&#8212;&#8212;&#8212;&#8212;&#8212;&#8212;&#8212;&#8212;&#8212;&#8212;&#8212;&#8212;&#8212;&#8212;- \u00c0 la suite d\u2019une entente de collaboration entre l\u2019Asia Pacific Design Center \u2013 APDC et l\u2019Agence PID, un nouveau concours international \u00e0 vu le &hellip; <a href=\"https:\/\/int.design\/fr\/concours\/china-design\/chinadesign\/\">Continued<\/a><\/p>\n","protected":false},"author":1,"featured_media":0,"parent":1876,"menu_order":0,"comment_status":"closed","ping_status":"closed","template":"views\/template-contest-info.blade.php","meta":{"content-type":"","footnotes":""},"contest_category":[],"class_list":["post-1879","page","type-page","status-publish","hentry"],"acf":[],"yoast_head":"<!-- This site is optimized with the Yoast SEO plugin v21.5 - https:\/\/yoast.com\/wordpress\/plugins\/seo\/ -->\n<title>Le concours - INT Design<\/title>\n<meta name=\"robots\" content=\"index, follow, max-snippet:-1, max-image-preview:large, max-video-preview:-1\" \/>\n<link rel=\"canonical\" href=\"https:\/\/int.design\/fr\/concours\/china-design\/chinadesign\/\" \/>\n<meta property=\"og:locale\" content=\"fr_FR\" \/>\n<meta property=\"og:type\" content=\"article\" \/>\n<meta property=\"og:title\" content=\"Le concours - INT Design\" \/>\n<meta property=\"og:description\" content=\"Le Design chinois dans les yeux des nord-am\u00e9ricains Rayonnement du design chinois par la participation de designers, de promoteurs et d\u2019entreprises de Chine \u00e0 un concours international &#8212;&#8212;&#8212;&#8212;&#8212;&#8212;&#8212;&#8212;&#8212;&#8212;&#8212;&#8212;&#8212;&#8212;&#8212;&#8212;&#8212;&#8212;&#8212;&#8212;&#8212;&#8212;&#8212;&#8211; PREMI\u00c8RE \u00c9DITION &#8212;&#8212;&#8212;&#8212;&#8212;&#8212;&#8212;&#8212;&#8212;&#8212;&#8212;&#8212;&#8212;&#8212;&#8212;&#8212;&#8212;&#8212;&#8212;&#8212;&#8212;- \u00c0 la suite d\u2019une entente de collaboration entre l\u2019Asia Pacific Design Center \u2013 APDC et l\u2019Agence PID, un nouveau concours international \u00e0 vu le &hellip; Continued\" \/>\n<meta property=\"og:url\" content=\"https:\/\/int.design\/fr\/concours\/china-design\/chinadesign\/\" \/>\n<meta property=\"og:site_name\" content=\"INT Design\" \/>\n<meta property=\"article:modified_time\" content=\"2026-04-07T01:37:53+00:00\" \/>\n<meta property=\"og:image\" content=\"https:\/\/int.design\/wp-content\/uploads\/2020\/07\/images.png\" \/>\n<meta name=\"twitter:card\" content=\"summary_large_image\" \/>\n<meta name=\"twitter:label1\" content=\"Est. reading time\" \/>\n\t<meta name=\"twitter:data1\" content=\"2 minutes\" \/>\n<script type=\"application\/ld+json\" class=\"yoast-schema-graph\">{\"@context\":\"https:\/\/schema.org\",\"@graph\":[{\"@type\":\"WebPage\",\"@id\":\"https:\/\/int.design\/fr\/concours\/china-design\/chinadesign\/\",\"url\":\"https:\/\/int.design\/fr\/concours\/china-design\/chinadesign\/\",\"name\":\"Le concours - INT Design\",\"isPartOf\":{\"@id\":\"https:\/\/int.design\/fr\/#website\"},\"datePublished\":\"2020-07-02T10:09:18+00:00\",\"dateModified\":\"2026-04-07T01:37:53+00:00\",\"breadcrumb\":{\"@id\":\"https:\/\/int.design\/fr\/concours\/china-design\/chinadesign\/#breadcrumb\"},\"inLanguage\":\"fr-FR\",\"potentialAction\":[{\"@type\":\"ReadAction\",\"target\":[\"https:\/\/int.design\/fr\/concours\/china-design\/chinadesign\/\"]}]},{\"@type\":\"BreadcrumbList\",\"@id\":\"https:\/\/int.design\/fr\/concours\/china-design\/chinadesign\/#breadcrumb\",\"itemListElement\":[{\"@type\":\"ListItem\",\"position\":1,\"name\":\"Home\",\"item\":\"https:\/\/int.design\/fr\/\"},{\"@type\":\"ListItem\",\"position\":2,\"name\":\"Concours\",\"item\":\"https:\/\/int.design\/fr\/concours\/\"},{\"@type\":\"ListItem\",\"position\":3,\"name\":\"Priv\u00e9\u00a0: CHINA DESIGN\",\"item\":\"https:\/\/int.design\/fr\/?page_id=1876\"},{\"@type\":\"ListItem\",\"position\":4,\"name\":\"Le concours\"}]},{\"@type\":\"WebSite\",\"@id\":\"https:\/\/int.design\/fr\/#website\",\"url\":\"https:\/\/int.design\/fr\/\",\"name\":\"INT Design\",\"description\":\"\",\"potentialAction\":[{\"@type\":\"SearchAction\",\"target\":{\"@type\":\"EntryPoint\",\"urlTemplate\":\"https:\/\/int.design\/fr\/?s={search_term_string}\"},\"query-input\":\"required name=search_term_string\"}],\"inLanguage\":\"fr-FR\"}]}<\/script>\n<!-- \/ Yoast SEO plugin. -->","yoast_head_json":{"title":"Le concours - INT Design","robots":{"index":"index","follow":"follow","max-snippet":"max-snippet:-1","max-image-preview":"max-image-preview:large","max-video-preview":"max-video-preview:-1"},"canonical":"https:\/\/int.design\/fr\/concours\/china-design\/chinadesign\/","og_locale":"fr_FR","og_type":"article","og_title":"Le concours - INT Design","og_description":"Le Design chinois dans les yeux des nord-am\u00e9ricains Rayonnement du design chinois par la participation de designers, de promoteurs et d\u2019entreprises de Chine \u00e0 un concours international &#8212;&#8212;&#8212;&#8212;&#8212;&#8212;&#8212;&#8212;&#8212;&#8212;&#8212;&#8212;&#8212;&#8212;&#8212;&#8212;&#8212;&#8212;&#8212;&#8212;&#8212;&#8212;&#8212;&#8211; PREMI\u00c8RE \u00c9DITION &#8212;&#8212;&#8212;&#8212;&#8212;&#8212;&#8212;&#8212;&#8212;&#8212;&#8212;&#8212;&#8212;&#8212;&#8212;&#8212;&#8212;&#8212;&#8212;&#8212;&#8212;- \u00c0 la suite d\u2019une entente de collaboration entre l\u2019Asia Pacific Design Center \u2013 APDC et l\u2019Agence PID, un nouveau concours international \u00e0 vu le &hellip; Continued","og_url":"https:\/\/int.design\/fr\/concours\/china-design\/chinadesign\/","og_site_name":"INT Design","article_modified_time":"2026-04-07T01:37:53+00:00","og_image":[{"url":"https:\/\/int.design\/wp-content\/uploads\/2020\/07\/images.png"}],"twitter_card":"summary_large_image","twitter_misc":{"Est. reading time":"2 minutes"},"schema":{"@context":"https:\/\/schema.org","@graph":[{"@type":"WebPage","@id":"https:\/\/int.design\/fr\/concours\/china-design\/chinadesign\/","url":"https:\/\/int.design\/fr\/concours\/china-design\/chinadesign\/","name":"Le concours - INT Design","isPartOf":{"@id":"https:\/\/int.design\/fr\/#website"},"datePublished":"2020-07-02T10:09:18+00:00","dateModified":"2026-04-07T01:37:53+00:00","breadcrumb":{"@id":"https:\/\/int.design\/fr\/concours\/china-design\/chinadesign\/#breadcrumb"},"inLanguage":"fr-FR","potentialAction":[{"@type":"ReadAction","target":["https:\/\/int.design\/fr\/concours\/china-design\/chinadesign\/"]}]},{"@type":"BreadcrumbList","@id":"https:\/\/int.design\/fr\/concours\/china-design\/chinadesign\/#breadcrumb","itemListElement":[{"@type":"ListItem","position":1,"name":"Home","item":"https:\/\/int.design\/fr\/"},{"@type":"ListItem","position":2,"name":"Concours","item":"https:\/\/int.design\/fr\/concours\/"},{"@type":"ListItem","position":3,"name":"Priv\u00e9\u00a0: CHINA DESIGN","item":"https:\/\/int.design\/fr\/?page_id=1876"},{"@type":"ListItem","position":4,"name":"Le concours"}]},{"@type":"WebSite","@id":"https:\/\/int.design\/fr\/#website","url":"https:\/\/int.design\/fr\/","name":"INT Design","description":"","potentialAction":[{"@type":"SearchAction","target":{"@type":"EntryPoint","urlTemplate":"https:\/\/int.design\/fr\/?s={search_term_string}"},"query-input":"required name=search_term_string"}],"inLanguage":"fr-FR"}]}},"_links":{"self":[{"href":"https:\/\/int.design\/fr\/wp-json\/wp\/v2\/pages\/1879","targetHints":{"allow":["GET"]}}],"collection":[{"href":"https:\/\/int.design\/fr\/wp-json\/wp\/v2\/pages"}],"about":[{"href":"https:\/\/int.design\/fr\/wp-json\/wp\/v2\/types\/page"}],"author":[{"embeddable":true,"href":"https:\/\/int.design\/fr\/wp-json\/wp\/v2\/users\/1"}],"replies":[{"embeddable":true,"href":"https:\/\/int.design\/fr\/wp-json\/wp\/v2\/comments?post=1879"}],"version-history":[{"count":19,"href":"https:\/\/int.design\/fr\/wp-json\/wp\/v2\/pages\/1879\/revisions"}],"predecessor-version":[{"id":10039,"href":"https:\/\/int.design\/fr\/wp-json\/wp\/v2\/pages\/1879\/revisions\/10039"}],"up":[{"embeddable":true,"href":"https:\/\/int.design\/fr\/wp-json\/wp\/v2\/pages\/1876"}],"wp:attachment":[{"href":"https:\/\/int.design\/fr\/wp-json\/wp\/v2\/media?parent=1879"}],"wp:term":[{"taxonomy":"contest_category","embeddable":true,"href":"https:\/\/int.design\/fr\/wp-json\/wp\/v2\/contest_category?post=1879"}],"curies":[{"name":"wp","href":"https:\/\/api.w.org\/{rel}","templated":true}]}}