{"id":18201,"date":"2020-09-17T11:15:20","date_gmt":"2020-09-17T15:15:20","guid":{"rendered":"https:\/\/int.design\/trousse-media-2\/"},"modified":"2026-04-01T12:49:53","modified_gmt":"2026-04-01T16:49:53","slug":"materiel","status":"publish","type":"page","link":"https:\/\/int.design\/fr\/grands-prix-du-design\/media\/materiel\/","title":{"rendered":"Mat\u00e9riel"},"content":{"rendered":"<p>Vous trouverez ici le mat\u00e9riel promotionnel du concours GRANDS PRIX DU DESIGN. Si votre besoin ne figure pas parmi la s\u00e9lection propos\u00e9e ci-dessous, nous vous invitons \u00e0 nous contacter.<\/p>\n<p><strong><span style=\"color: #b7904c;\">Contact<\/span><\/strong><br \/>\n450-651-3630<br \/>\n<span style=\"color: #b7904c;\"><a style=\"color: #b7904c; text-decoration: underline;\" href=\"mailto:info@agencepid.com\" target=\"_blank\" rel=\"noopener noreferrer\">info@agencepid.com<\/a><\/span><\/p>\n","protected":false},"excerpt":{"rendered":"<p>Vous trouverez ici le mat\u00e9riel promotionnel du concours GRANDS PRIX DU DESIGN. Si votre besoin ne figure pas parmi la s\u00e9lection propos\u00e9e ci-dessous, nous vous invitons \u00e0 nous contacter. Contact 450-651-3630 info@agencepid.com<\/p>\n","protected":false},"author":5,"featured_media":0,"parent":17666,"menu_order":1,"comment_status":"closed","ping_status":"closed","template":"views\/template-mediakit.blade.php","meta":{"content-type":"","footnotes":""},"contest_category":[],"class_list":["post-18201","page","type-page","status-publish","hentry"],"acf":[],"yoast_head":"<!-- This site is optimized with the Yoast SEO plugin v21.5 - https:\/\/yoast.com\/wordpress\/plugins\/seo\/ -->\n<title>Mat\u00e9riel - INT Design<\/title>\n<meta name=\"robots\" content=\"index, follow, max-snippet:-1, max-image-preview:large, max-video-preview:-1\" \/>\n<link rel=\"canonical\" href=\"https:\/\/int.design\/fr\/grands-prix-du-design\/media\/materiel\/\" \/>\n<meta property=\"og:locale\" content=\"fr_FR\" \/>\n<meta property=\"og:type\" content=\"article\" \/>\n<meta property=\"og:title\" content=\"Mat\u00e9riel - INT Design\" \/>\n<meta property=\"og:description\" content=\"Vous trouverez ici le mat\u00e9riel promotionnel du concours GRANDS PRIX DU DESIGN. Si votre besoin ne figure pas parmi la s\u00e9lection propos\u00e9e ci-dessous, nous vous invitons \u00e0 nous contacter. Contact 450-651-3630 info@agencepid.com\" \/>\n<meta property=\"og:url\" content=\"https:\/\/int.design\/fr\/grands-prix-du-design\/media\/materiel\/\" \/>\n<meta property=\"og:site_name\" content=\"INT Design\" \/>\n<meta property=\"article:modified_time\" content=\"2026-04-01T16:49:53+00:00\" \/>\n<meta name=\"twitter:card\" content=\"summary_large_image\" \/>\n<meta name=\"twitter:label1\" content=\"Est. reading time\" \/>\n\t<meta name=\"twitter:data1\" content=\"1 minute\" \/>\n<script type=\"application\/ld+json\" class=\"yoast-schema-graph\">{\"@context\":\"https:\/\/schema.org\",\"@graph\":[{\"@type\":\"WebPage\",\"@id\":\"https:\/\/int.design\/fr\/grands-prix-du-design\/media\/materiel\/\",\"url\":\"https:\/\/int.design\/fr\/grands-prix-du-design\/media\/materiel\/\",\"name\":\"Mat\u00e9riel - INT Design\",\"isPartOf\":{\"@id\":\"https:\/\/int.design\/fr\/#website\"},\"datePublished\":\"2020-09-17T15:15:20+00:00\",\"dateModified\":\"2026-04-01T16:49:53+00:00\",\"breadcrumb\":{\"@id\":\"https:\/\/int.design\/fr\/grands-prix-du-design\/media\/materiel\/#breadcrumb\"},\"inLanguage\":\"fr-FR\",\"potentialAction\":[{\"@type\":\"ReadAction\",\"target\":[\"https:\/\/int.design\/fr\/grands-prix-du-design\/media\/materiel\/\"]}]},{\"@type\":\"BreadcrumbList\",\"@id\":\"https:\/\/int.design\/fr\/grands-prix-du-design\/media\/materiel\/#breadcrumb\",\"itemListElement\":[{\"@type\":\"ListItem\",\"position\":1,\"name\":\"Home\",\"item\":\"https:\/\/int.design\/fr\/\"},{\"@type\":\"ListItem\",\"position\":2,\"name\":\"Grands Prix du Design\",\"item\":\"https:\/\/int.design\/fr\/grands-prix-du-design\/\"},{\"@type\":\"ListItem\",\"position\":3,\"name\":\"M\u00e9dia\",\"item\":\"https:\/\/int.design\/fr\/grands-prix-du-design\/media\/\"},{\"@type\":\"ListItem\",\"position\":4,\"name\":\"Mat\u00e9riel\"}]},{\"@type\":\"WebSite\",\"@id\":\"https:\/\/int.design\/fr\/#website\",\"url\":\"https:\/\/int.design\/fr\/\",\"name\":\"INT Design\",\"description\":\"\",\"potentialAction\":[{\"@type\":\"SearchAction\",\"target\":{\"@type\":\"EntryPoint\",\"urlTemplate\":\"https:\/\/int.design\/fr\/?s={search_term_string}\"},\"query-input\":\"required name=search_term_string\"}],\"inLanguage\":\"fr-FR\"}]}<\/script>\n<!-- \/ Yoast SEO plugin. -->","yoast_head_json":{"title":"Mat\u00e9riel - INT Design","robots":{"index":"index","follow":"follow","max-snippet":"max-snippet:-1","max-image-preview":"max-image-preview:large","max-video-preview":"max-video-preview:-1"},"canonical":"https:\/\/int.design\/fr\/grands-prix-du-design\/media\/materiel\/","og_locale":"fr_FR","og_type":"article","og_title":"Mat\u00e9riel - INT Design","og_description":"Vous trouverez ici le mat\u00e9riel promotionnel du concours GRANDS PRIX DU DESIGN. Si votre besoin ne figure pas parmi la s\u00e9lection propos\u00e9e ci-dessous, nous vous invitons \u00e0 nous contacter. Contact 450-651-3630 info@agencepid.com","og_url":"https:\/\/int.design\/fr\/grands-prix-du-design\/media\/materiel\/","og_site_name":"INT Design","article_modified_time":"2026-04-01T16:49:53+00:00","twitter_card":"summary_large_image","twitter_misc":{"Est. reading time":"1 minute"},"schema":{"@context":"https:\/\/schema.org","@graph":[{"@type":"WebPage","@id":"https:\/\/int.design\/fr\/grands-prix-du-design\/media\/materiel\/","url":"https:\/\/int.design\/fr\/grands-prix-du-design\/media\/materiel\/","name":"Mat\u00e9riel - INT Design","isPartOf":{"@id":"https:\/\/int.design\/fr\/#website"},"datePublished":"2020-09-17T15:15:20+00:00","dateModified":"2026-04-01T16:49:53+00:00","breadcrumb":{"@id":"https:\/\/int.design\/fr\/grands-prix-du-design\/media\/materiel\/#breadcrumb"},"inLanguage":"fr-FR","potentialAction":[{"@type":"ReadAction","target":["https:\/\/int.design\/fr\/grands-prix-du-design\/media\/materiel\/"]}]},{"@type":"BreadcrumbList","@id":"https:\/\/int.design\/fr\/grands-prix-du-design\/media\/materiel\/#breadcrumb","itemListElement":[{"@type":"ListItem","position":1,"name":"Home","item":"https:\/\/int.design\/fr\/"},{"@type":"ListItem","position":2,"name":"Grands Prix du Design","item":"https:\/\/int.design\/fr\/grands-prix-du-design\/"},{"@type":"ListItem","position":3,"name":"M\u00e9dia","item":"https:\/\/int.design\/fr\/grands-prix-du-design\/media\/"},{"@type":"ListItem","position":4,"name":"Mat\u00e9riel"}]},{"@type":"WebSite","@id":"https:\/\/int.design\/fr\/#website","url":"https:\/\/int.design\/fr\/","name":"INT Design","description":"","potentialAction":[{"@type":"SearchAction","target":{"@type":"EntryPoint","urlTemplate":"https:\/\/int.design\/fr\/?s={search_term_string}"},"query-input":"required name=search_term_string"}],"inLanguage":"fr-FR"}]}},"_links":{"self":[{"href":"https:\/\/int.design\/fr\/wp-json\/wp\/v2\/pages\/18201","targetHints":{"allow":["GET"]}}],"collection":[{"href":"https:\/\/int.design\/fr\/wp-json\/wp\/v2\/pages"}],"about":[{"href":"https:\/\/int.design\/fr\/wp-json\/wp\/v2\/types\/page"}],"author":[{"embeddable":true,"href":"https:\/\/int.design\/fr\/wp-json\/wp\/v2\/users\/5"}],"replies":[{"embeddable":true,"href":"https:\/\/int.design\/fr\/wp-json\/wp\/v2\/comments?post=18201"}],"version-history":[{"count":199,"href":"https:\/\/int.design\/fr\/wp-json\/wp\/v2\/pages\/18201\/revisions"}],"predecessor-version":[{"id":148995,"href":"https:\/\/int.design\/fr\/wp-json\/wp\/v2\/pages\/18201\/revisions\/148995"}],"up":[{"embeddable":true,"href":"https:\/\/int.design\/fr\/wp-json\/wp\/v2\/pages\/17666"}],"wp:attachment":[{"href":"https:\/\/int.design\/fr\/wp-json\/wp\/v2\/media?parent=18201"}],"wp:term":[{"taxonomy":"contest_category","embeddable":true,"href":"https:\/\/int.design\/fr\/wp-json\/wp\/v2\/contest_category?post=18201"}],"curies":[{"name":"wp","href":"https:\/\/api.w.org\/{rel}","templated":true}]}}