{"id":14329,"date":"2020-09-01T10:42:23","date_gmt":"2020-09-01T14:42:23","guid":{"rendered":"https:\/\/int.design\/prochainement-2\/"},"modified":"2025-01-23T15:40:31","modified_gmt":"2025-01-23T20:40:31","slug":"notre-histoire","status":"publish","type":"page","link":"https:\/\/int.design\/fr\/notre-histoire\/","title":{"rendered":"Notre histoire"},"content":{"rendered":"<p>&nbsp;<\/p>\n<p>&nbsp;<\/p>\n","protected":false},"excerpt":{"rendered":"<p>&nbsp; &nbsp;<\/p>\n","protected":false},"author":5,"featured_media":0,"parent":0,"menu_order":30,"comment_status":"closed","ping_status":"closed","template":"views\/template-builder.blade.php","meta":{"content-type":"","footnotes":""},"contest_category":[],"class_list":["post-14329","page","type-page","status-publish","hentry"],"acf":[],"yoast_head":"<!-- This site is optimized with the Yoast SEO plugin v21.5 - https:\/\/yoast.com\/wordpress\/plugins\/seo\/ -->\n<title>Notre histoire - INT.design<\/title>\n<meta name=\"description\" content=\"Visionner toute l&#039;historique et l&#039;\u00e9volution du GRANDS PRIX DU DESIGN, du magazine INT\u00c9RIEURS, du SIDIM et de INT.design \u00e0 travers l&#039;agence PID\" \/>\n<meta name=\"robots\" content=\"index, follow, max-snippet:-1, max-image-preview:large, max-video-preview:-1\" \/>\n<link rel=\"canonical\" href=\"https:\/\/int.design\/fr\/notre-histoire\/\" \/>\n<meta property=\"og:locale\" content=\"fr_FR\" \/>\n<meta property=\"og:type\" content=\"article\" \/>\n<meta property=\"og:title\" content=\"Notre histoire - INT.design\" \/>\n<meta property=\"og:description\" content=\"Visionner toute l&#039;historique et l&#039;\u00e9volution du GRANDS PRIX DU DESIGN, du magazine INT\u00c9RIEURS, du SIDIM et de INT.design \u00e0 travers l&#039;agence PID\" \/>\n<meta property=\"og:url\" content=\"https:\/\/int.design\/fr\/notre-histoire\/\" \/>\n<meta property=\"og:site_name\" content=\"INT Design\" \/>\n<meta property=\"article:modified_time\" content=\"2025-01-23T20:40:31+00:00\" \/>\n<meta name=\"twitter:card\" content=\"summary_large_image\" \/>\n<script type=\"application\/ld+json\" class=\"yoast-schema-graph\">{\"@context\":\"https:\/\/schema.org\",\"@graph\":[{\"@type\":\"WebPage\",\"@id\":\"https:\/\/int.design\/fr\/notre-histoire\/\",\"url\":\"https:\/\/int.design\/fr\/notre-histoire\/\",\"name\":\"Notre histoire - INT.design\",\"isPartOf\":{\"@id\":\"https:\/\/int.design\/fr\/#website\"},\"datePublished\":\"2020-09-01T14:42:23+00:00\",\"dateModified\":\"2025-01-23T20:40:31+00:00\",\"description\":\"Visionner toute l'historique et l'\u00e9volution du GRANDS PRIX DU DESIGN, du magazine INT\u00c9RIEURS, du SIDIM et de INT.design \u00e0 travers l'agence PID\",\"breadcrumb\":{\"@id\":\"https:\/\/int.design\/fr\/notre-histoire\/#breadcrumb\"},\"inLanguage\":\"fr-FR\",\"potentialAction\":[{\"@type\":\"ReadAction\",\"target\":[\"https:\/\/int.design\/fr\/notre-histoire\/\"]}]},{\"@type\":\"BreadcrumbList\",\"@id\":\"https:\/\/int.design\/fr\/notre-histoire\/#breadcrumb\",\"itemListElement\":[{\"@type\":\"ListItem\",\"position\":1,\"name\":\"Home\",\"item\":\"https:\/\/int.design\/fr\/\"},{\"@type\":\"ListItem\",\"position\":2,\"name\":\"Notre histoire\"}]},{\"@type\":\"WebSite\",\"@id\":\"https:\/\/int.design\/fr\/#website\",\"url\":\"https:\/\/int.design\/fr\/\",\"name\":\"INT Design\",\"description\":\"\",\"potentialAction\":[{\"@type\":\"SearchAction\",\"target\":{\"@type\":\"EntryPoint\",\"urlTemplate\":\"https:\/\/int.design\/fr\/?s={search_term_string}\"},\"query-input\":\"required name=search_term_string\"}],\"inLanguage\":\"fr-FR\"}]}<\/script>\n<!-- \/ Yoast SEO plugin. -->","yoast_head_json":{"title":"Notre histoire - INT.design","description":"Visionner toute l'historique et l'\u00e9volution du GRANDS PRIX DU DESIGN, du magazine INT\u00c9RIEURS, du SIDIM et de INT.design \u00e0 travers l'agence PID","robots":{"index":"index","follow":"follow","max-snippet":"max-snippet:-1","max-image-preview":"max-image-preview:large","max-video-preview":"max-video-preview:-1"},"canonical":"https:\/\/int.design\/fr\/notre-histoire\/","og_locale":"fr_FR","og_type":"article","og_title":"Notre histoire - INT.design","og_description":"Visionner toute l'historique et l'\u00e9volution du GRANDS PRIX DU DESIGN, du magazine INT\u00c9RIEURS, du SIDIM et de INT.design \u00e0 travers l'agence PID","og_url":"https:\/\/int.design\/fr\/notre-histoire\/","og_site_name":"INT Design","article_modified_time":"2025-01-23T20:40:31+00:00","twitter_card":"summary_large_image","schema":{"@context":"https:\/\/schema.org","@graph":[{"@type":"WebPage","@id":"https:\/\/int.design\/fr\/notre-histoire\/","url":"https:\/\/int.design\/fr\/notre-histoire\/","name":"Notre histoire - INT.design","isPartOf":{"@id":"https:\/\/int.design\/fr\/#website"},"datePublished":"2020-09-01T14:42:23+00:00","dateModified":"2025-01-23T20:40:31+00:00","description":"Visionner toute l'historique et l'\u00e9volution du GRANDS PRIX DU DESIGN, du magazine INT\u00c9RIEURS, du SIDIM et de INT.design \u00e0 travers l'agence PID","breadcrumb":{"@id":"https:\/\/int.design\/fr\/notre-histoire\/#breadcrumb"},"inLanguage":"fr-FR","potentialAction":[{"@type":"ReadAction","target":["https:\/\/int.design\/fr\/notre-histoire\/"]}]},{"@type":"BreadcrumbList","@id":"https:\/\/int.design\/fr\/notre-histoire\/#breadcrumb","itemListElement":[{"@type":"ListItem","position":1,"name":"Home","item":"https:\/\/int.design\/fr\/"},{"@type":"ListItem","position":2,"name":"Notre histoire"}]},{"@type":"WebSite","@id":"https:\/\/int.design\/fr\/#website","url":"https:\/\/int.design\/fr\/","name":"INT Design","description":"","potentialAction":[{"@type":"SearchAction","target":{"@type":"EntryPoint","urlTemplate":"https:\/\/int.design\/fr\/?s={search_term_string}"},"query-input":"required name=search_term_string"}],"inLanguage":"fr-FR"}]}},"_links":{"self":[{"href":"https:\/\/int.design\/fr\/wp-json\/wp\/v2\/pages\/14329","targetHints":{"allow":["GET"]}}],"collection":[{"href":"https:\/\/int.design\/fr\/wp-json\/wp\/v2\/pages"}],"about":[{"href":"https:\/\/int.design\/fr\/wp-json\/wp\/v2\/types\/page"}],"author":[{"embeddable":true,"href":"https:\/\/int.design\/fr\/wp-json\/wp\/v2\/users\/5"}],"replies":[{"embeddable":true,"href":"https:\/\/int.design\/fr\/wp-json\/wp\/v2\/comments?post=14329"}],"version-history":[{"count":24,"href":"https:\/\/int.design\/fr\/wp-json\/wp\/v2\/pages\/14329\/revisions"}],"predecessor-version":[{"id":143340,"href":"https:\/\/int.design\/fr\/wp-json\/wp\/v2\/pages\/14329\/revisions\/143340"}],"wp:attachment":[{"href":"https:\/\/int.design\/fr\/wp-json\/wp\/v2\/media?parent=14329"}],"wp:term":[{"taxonomy":"contest_category","embeddable":true,"href":"https:\/\/int.design\/fr\/wp-json\/wp\/v2\/contest_category?post=14329"}],"curies":[{"name":"wp","href":"https:\/\/api.w.org\/{rel}","templated":true}]}}