{"id":1191,"date":"2020-03-06T15:57:54","date_gmt":"2020-03-06T20:57:51","guid":{"rendered":"https:\/\/intdesign.local\/?page_id=1191"},"modified":"2026-03-13T15:51:07","modified_gmt":"2026-03-13T19:51:07","slug":"jury-du-concours","status":"publish","type":"page","link":"https:\/\/int.design\/fr\/grands-prix-du-design\/jury\/jury-du-concours\/","title":{"rendered":"Le jury du concours"},"content":{"rendered":"<h2 style=\"text-align: center;\"><strong><span style=\"color: #b7904c;\">Le Jury international<\/span><\/strong><\/h2>\n<h3>Le jury des GRANDS PRIX DU DESIGN r\u00e9unit des professionnels de premier plan, des experts acad\u00e9miques reconnus et des repr\u00e9sentants influents des m\u00e9dias sp\u00e9cialis\u00e9s provenant du monde entier.<\/h3>\n<p>Designers, architectes, architectes paysagistes, professeurs, entrepreneurs, journalistes et leaders de l\u2019industrie mettent \u00e0 contribution leur expertise, leur exp\u00e9rience et leurs connaissances techniques afin d\u2019\u00e9valuer les projets et produits soumis avec rigueur et int\u00e9grit\u00e9. Ce jury multidisciplinaire refl\u00e8te la port\u00e9e internationale du concours et assure la qualit\u00e9, la cr\u00e9dibilit\u00e9 et le prestige des distinctions attribu\u00e9es.<\/p>\n<p>Les projets sont confi\u00e9s aux jur\u00e9s selon leurs domaines d\u2019expertise et \u00e9valu\u00e9s \u00e0 l\u2019aide d\u2019un syst\u00e8me de pointage structur\u00e9 con\u00e7u pour garantir l\u2019\u00e9quit\u00e9, la coh\u00e9rence et l\u2019impartialit\u00e9 du processus.<br \/>\nLes participants ont ainsi l\u2019opportunit\u00e9 de pr\u00e9senter leur travail \u00e0 des professionnels reconnus et \u00e0 des visionnaires influents engag\u00e9s dans la reconnaissance de l\u2019excellence en design et dans l\u2019environnement b\u00e2ti.<\/p>\n","protected":false},"excerpt":{"rendered":"<p>Le Jury international Le jury des GRANDS PRIX DU DESIGN r\u00e9unit des professionnels de premier plan, des experts acad\u00e9miques reconnus et des repr\u00e9sentants influents des m\u00e9dias sp\u00e9cialis\u00e9s provenant du monde entier. Designers, architectes, architectes paysagistes, professeurs, entrepreneurs, journalistes et leaders de l\u2019industrie mettent \u00e0 contribution leur expertise, leur exp\u00e9rience et leurs connaissances techniques afin d\u2019\u00e9valuer &hellip; <a href=\"https:\/\/int.design\/fr\/grands-prix-du-design\/jury\/jury-du-concours\/\">Continued<\/a><\/p>\n","protected":false},"author":1,"featured_media":0,"parent":6716,"menu_order":0,"comment_status":"closed","ping_status":"closed","template":"views\/template-contest-jurysv2.blade.php","meta":{"content-type":"","footnotes":""},"contest_category":[],"class_list":["post-1191","page","type-page","status-publish","hentry"],"acf":[],"yoast_head":"<!-- This site is optimized with the Yoast SEO plugin v21.5 - https:\/\/yoast.com\/wordpress\/plugins\/seo\/ -->\n<title>Le Jury International des GRANDS PRIX DU DESIGN - INT.design<\/title>\n<meta name=\"description\" content=\"Des professionnels de premier plan, des universitaires de renom et des membres influents de la presse forment le tr\u00e8s distingu\u00e9 Jury international des GRANDS PRIX DU DESIGN\u2009!\" \/>\n<meta name=\"robots\" content=\"index, follow, max-snippet:-1, max-image-preview:large, max-video-preview:-1\" \/>\n<link rel=\"canonical\" href=\"https:\/\/int.design\/fr\/grands-prix-du-design\/jury\/jury-du-concours\/\" \/>\n<meta property=\"og:locale\" content=\"fr_FR\" \/>\n<meta property=\"og:type\" content=\"article\" \/>\n<meta property=\"og:title\" content=\"Le Jury International des GRANDS PRIX DU DESIGN - INT.design\" \/>\n<meta property=\"og:description\" content=\"Des professionnels de premier plan, des universitaires de renom et des membres influents de la presse forment le tr\u00e8s distingu\u00e9 Jury international des GRANDS PRIX DU DESIGN\u2009!\" \/>\n<meta property=\"og:url\" content=\"https:\/\/int.design\/fr\/grands-prix-du-design\/jury\/jury-du-concours\/\" \/>\n<meta property=\"og:site_name\" content=\"INT Design\" \/>\n<meta property=\"article:modified_time\" content=\"2026-03-13T19:51:07+00:00\" \/>\n<meta name=\"twitter:card\" content=\"summary_large_image\" \/>\n<meta name=\"twitter:label1\" content=\"Est. reading time\" \/>\n\t<meta name=\"twitter:data1\" content=\"1 minute\" \/>\n<script type=\"application\/ld+json\" class=\"yoast-schema-graph\">{\"@context\":\"https:\/\/schema.org\",\"@graph\":[{\"@type\":\"WebPage\",\"@id\":\"https:\/\/int.design\/fr\/grands-prix-du-design\/jury\/jury-du-concours\/\",\"url\":\"https:\/\/int.design\/fr\/grands-prix-du-design\/jury\/jury-du-concours\/\",\"name\":\"Le Jury International des GRANDS PRIX DU DESIGN - INT.design\",\"isPartOf\":{\"@id\":\"https:\/\/int.design\/fr\/#website\"},\"datePublished\":\"2020-03-06T20:57:51+00:00\",\"dateModified\":\"2026-03-13T19:51:07+00:00\",\"description\":\"Des professionnels de premier plan, des universitaires de renom et des membres influents de la presse forment le tr\u00e8s distingu\u00e9 Jury international des GRANDS PRIX DU DESIGN\u2009!\",\"breadcrumb\":{\"@id\":\"https:\/\/int.design\/fr\/grands-prix-du-design\/jury\/jury-du-concours\/#breadcrumb\"},\"inLanguage\":\"fr-FR\",\"potentialAction\":[{\"@type\":\"ReadAction\",\"target\":[\"https:\/\/int.design\/fr\/grands-prix-du-design\/jury\/jury-du-concours\/\"]}]},{\"@type\":\"BreadcrumbList\",\"@id\":\"https:\/\/int.design\/fr\/grands-prix-du-design\/jury\/jury-du-concours\/#breadcrumb\",\"itemListElement\":[{\"@type\":\"ListItem\",\"position\":1,\"name\":\"Home\",\"item\":\"https:\/\/int.design\/fr\/\"},{\"@type\":\"ListItem\",\"position\":2,\"name\":\"Grands Prix du Design\",\"item\":\"https:\/\/int.design\/fr\/grands-prix-du-design\/\"},{\"@type\":\"ListItem\",\"position\":3,\"name\":\"Jury\",\"item\":\"https:\/\/int.design\/fr\/grands-prix-du-design\/jury\/\"},{\"@type\":\"ListItem\",\"position\":4,\"name\":\"Le jury du concours\"}]},{\"@type\":\"WebSite\",\"@id\":\"https:\/\/int.design\/fr\/#website\",\"url\":\"https:\/\/int.design\/fr\/\",\"name\":\"INT Design\",\"description\":\"\",\"potentialAction\":[{\"@type\":\"SearchAction\",\"target\":{\"@type\":\"EntryPoint\",\"urlTemplate\":\"https:\/\/int.design\/fr\/?s={search_term_string}\"},\"query-input\":\"required name=search_term_string\"}],\"inLanguage\":\"fr-FR\"}]}<\/script>\n<!-- \/ Yoast SEO plugin. -->","yoast_head_json":{"title":"Le Jury International des GRANDS PRIX DU DESIGN - INT.design","description":"Des professionnels de premier plan, des universitaires de renom et des membres influents de la presse forment le tr\u00e8s distingu\u00e9 Jury international des GRANDS PRIX DU DESIGN\u2009!","robots":{"index":"index","follow":"follow","max-snippet":"max-snippet:-1","max-image-preview":"max-image-preview:large","max-video-preview":"max-video-preview:-1"},"canonical":"https:\/\/int.design\/fr\/grands-prix-du-design\/jury\/jury-du-concours\/","og_locale":"fr_FR","og_type":"article","og_title":"Le Jury International des GRANDS PRIX DU DESIGN - INT.design","og_description":"Des professionnels de premier plan, des universitaires de renom et des membres influents de la presse forment le tr\u00e8s distingu\u00e9 Jury international des GRANDS PRIX DU DESIGN\u2009!","og_url":"https:\/\/int.design\/fr\/grands-prix-du-design\/jury\/jury-du-concours\/","og_site_name":"INT Design","article_modified_time":"2026-03-13T19:51:07+00:00","twitter_card":"summary_large_image","twitter_misc":{"Est. reading time":"1 minute"},"schema":{"@context":"https:\/\/schema.org","@graph":[{"@type":"WebPage","@id":"https:\/\/int.design\/fr\/grands-prix-du-design\/jury\/jury-du-concours\/","url":"https:\/\/int.design\/fr\/grands-prix-du-design\/jury\/jury-du-concours\/","name":"Le Jury International des GRANDS PRIX DU DESIGN - INT.design","isPartOf":{"@id":"https:\/\/int.design\/fr\/#website"},"datePublished":"2020-03-06T20:57:51+00:00","dateModified":"2026-03-13T19:51:07+00:00","description":"Des professionnels de premier plan, des universitaires de renom et des membres influents de la presse forment le tr\u00e8s distingu\u00e9 Jury international des GRANDS PRIX DU DESIGN\u2009!","breadcrumb":{"@id":"https:\/\/int.design\/fr\/grands-prix-du-design\/jury\/jury-du-concours\/#breadcrumb"},"inLanguage":"fr-FR","potentialAction":[{"@type":"ReadAction","target":["https:\/\/int.design\/fr\/grands-prix-du-design\/jury\/jury-du-concours\/"]}]},{"@type":"BreadcrumbList","@id":"https:\/\/int.design\/fr\/grands-prix-du-design\/jury\/jury-du-concours\/#breadcrumb","itemListElement":[{"@type":"ListItem","position":1,"name":"Home","item":"https:\/\/int.design\/fr\/"},{"@type":"ListItem","position":2,"name":"Grands Prix du Design","item":"https:\/\/int.design\/fr\/grands-prix-du-design\/"},{"@type":"ListItem","position":3,"name":"Jury","item":"https:\/\/int.design\/fr\/grands-prix-du-design\/jury\/"},{"@type":"ListItem","position":4,"name":"Le jury du concours"}]},{"@type":"WebSite","@id":"https:\/\/int.design\/fr\/#website","url":"https:\/\/int.design\/fr\/","name":"INT Design","description":"","potentialAction":[{"@type":"SearchAction","target":{"@type":"EntryPoint","urlTemplate":"https:\/\/int.design\/fr\/?s={search_term_string}"},"query-input":"required name=search_term_string"}],"inLanguage":"fr-FR"}]}},"_links":{"self":[{"href":"https:\/\/int.design\/fr\/wp-json\/wp\/v2\/pages\/1191","targetHints":{"allow":["GET"]}}],"collection":[{"href":"https:\/\/int.design\/fr\/wp-json\/wp\/v2\/pages"}],"about":[{"href":"https:\/\/int.design\/fr\/wp-json\/wp\/v2\/types\/page"}],"author":[{"embeddable":true,"href":"https:\/\/int.design\/fr\/wp-json\/wp\/v2\/users\/1"}],"replies":[{"embeddable":true,"href":"https:\/\/int.design\/fr\/wp-json\/wp\/v2\/comments?post=1191"}],"version-history":[{"count":1175,"href":"https:\/\/int.design\/fr\/wp-json\/wp\/v2\/pages\/1191\/revisions"}],"predecessor-version":[{"id":148463,"href":"https:\/\/int.design\/fr\/wp-json\/wp\/v2\/pages\/1191\/revisions\/148463"}],"up":[{"embeddable":true,"href":"https:\/\/int.design\/fr\/wp-json\/wp\/v2\/pages\/6716"}],"wp:attachment":[{"href":"https:\/\/int.design\/fr\/wp-json\/wp\/v2\/media?parent=1191"}],"wp:term":[{"taxonomy":"contest_category","embeddable":true,"href":"https:\/\/int.design\/fr\/wp-json\/wp\/v2\/contest_category?post=1191"}],"curies":[{"name":"wp","href":"https:\/\/api.w.org\/{rel}","templated":true}]}}