{"id":1183,"date":"2020-03-06T15:57:50","date_gmt":"2020-03-06T20:57:50","guid":{"rendered":"https:\/\/intdesign.local\/?page_id=1183"},"modified":"2026-04-10T14:53:48","modified_gmt":"2026-04-10T18:53:48","slug":"le-concours","status":"publish","type":"page","link":"https:\/\/int.design\/fr\/grands-prix-du-design\/le-concours\/","title":{"rendered":"Le concours"},"content":{"rendered":"","protected":false},"excerpt":{"rendered":"","protected":false},"author":1,"featured_media":0,"parent":75785,"menu_order":2,"comment_status":"closed","ping_status":"closed","template":"views\/template-contest-info.blade.php","meta":{"content-type":"","footnotes":""},"contest_category":[],"class_list":["post-1183","page","type-page","status-publish","hentry"],"acf":[],"yoast_head":"<!-- This site is optimized with the Yoast SEO plugin v21.5 - https:\/\/yoast.com\/wordpress\/plugins\/seo\/ -->\n<title>GRANDS PRIX DU DESIGN - INT Design<\/title>\n<meta name=\"description\" content=\"Un concours international qui c\u00e9l\u00e8bre l\u2019excellence en architecture, design int\u00e9rieur, paysage, immobilier, produit, communication et art. L\u2019appel de candidatures est ouvert aux professionnels, \u00e9tudiants, d\u00e9veloppeurs, entrepreneurs et manufacturiers du monde entier. Les laur\u00e9ats b\u00e9n\u00e9ficient d\u2019une visibilit\u00e9 exceptionnelle gr\u00e2ce \u00e0 nos publications, \u00e9v\u00e9nements et plateformes num\u00e9riques.des GRANDS PRIX DU DESIGN c\u00e9l\u00e8bre l\u2019excellence et le talent de cr\u00e9ateurs qui se sont d\u00e9marqu\u00e9s par une pratique exemplaire.\" \/>\n<meta name=\"robots\" content=\"index, follow, max-snippet:-1, max-image-preview:large, max-video-preview:-1\" \/>\n<link rel=\"canonical\" href=\"https:\/\/int.design\/fr\/grands-prix-du-design\/le-concours\/\" \/>\n<meta property=\"og:locale\" content=\"fr_FR\" \/>\n<meta property=\"og:type\" content=\"article\" \/>\n<meta property=\"og:title\" content=\"GRANDS PRIX DU DESIGN - INT Design\" \/>\n<meta property=\"og:description\" content=\"Un concours international qui c\u00e9l\u00e8bre l\u2019excellence en architecture, design int\u00e9rieur, paysage, immobilier, produit, communication et art. L\u2019appel de candidatures est ouvert aux professionnels, \u00e9tudiants, d\u00e9veloppeurs, entrepreneurs et manufacturiers du monde entier. Les laur\u00e9ats b\u00e9n\u00e9ficient d\u2019une visibilit\u00e9 exceptionnelle gr\u00e2ce \u00e0 nos publications, \u00e9v\u00e9nements et plateformes num\u00e9riques.des GRANDS PRIX DU DESIGN c\u00e9l\u00e8bre l\u2019excellence et le talent de cr\u00e9ateurs qui se sont d\u00e9marqu\u00e9s par une pratique exemplaire.\" \/>\n<meta property=\"og:url\" content=\"https:\/\/int.design\/fr\/grands-prix-du-design\/le-concours\/\" \/>\n<meta property=\"og:site_name\" content=\"INT Design\" \/>\n<meta property=\"article:modified_time\" content=\"2026-04-10T18:53:48+00:00\" \/>\n<meta name=\"twitter:card\" content=\"summary_large_image\" \/>\n<script type=\"application\/ld+json\" class=\"yoast-schema-graph\">{\"@context\":\"https:\/\/schema.org\",\"@graph\":[{\"@type\":\"WebPage\",\"@id\":\"https:\/\/int.design\/fr\/grands-prix-du-design\/le-concours\/\",\"url\":\"https:\/\/int.design\/fr\/grands-prix-du-design\/le-concours\/\",\"name\":\"GRANDS PRIX DU DESIGN - INT Design\",\"isPartOf\":{\"@id\":\"https:\/\/int.design\/fr\/#website\"},\"datePublished\":\"2020-03-06T20:57:50+00:00\",\"dateModified\":\"2026-04-10T18:53:48+00:00\",\"description\":\"Un concours international qui c\u00e9l\u00e8bre l\u2019excellence en architecture, design int\u00e9rieur, paysage, immobilier, produit, communication et art. L\u2019appel de candidatures est ouvert aux professionnels, \u00e9tudiants, d\u00e9veloppeurs, entrepreneurs et manufacturiers du monde entier. Les laur\u00e9ats b\u00e9n\u00e9ficient d\u2019une visibilit\u00e9 exceptionnelle gr\u00e2ce \u00e0 nos publications, \u00e9v\u00e9nements et plateformes num\u00e9riques.des GRANDS PRIX DU DESIGN c\u00e9l\u00e8bre l\u2019excellence et le talent de cr\u00e9ateurs qui se sont d\u00e9marqu\u00e9s par une pratique exemplaire.\",\"breadcrumb\":{\"@id\":\"https:\/\/int.design\/fr\/grands-prix-du-design\/le-concours\/#breadcrumb\"},\"inLanguage\":\"fr-FR\",\"potentialAction\":[{\"@type\":\"ReadAction\",\"target\":[\"https:\/\/int.design\/fr\/grands-prix-du-design\/le-concours\/\"]}]},{\"@type\":\"BreadcrumbList\",\"@id\":\"https:\/\/int.design\/fr\/grands-prix-du-design\/le-concours\/#breadcrumb\",\"itemListElement\":[{\"@type\":\"ListItem\",\"position\":1,\"name\":\"Home\",\"item\":\"https:\/\/int.design\/fr\/\"},{\"@type\":\"ListItem\",\"position\":2,\"name\":\"Grands Prix du Design\",\"item\":\"https:\/\/int.design\/fr\/grands-prix-du-design\/\"},{\"@type\":\"ListItem\",\"position\":3,\"name\":\"Le concours\"}]},{\"@type\":\"WebSite\",\"@id\":\"https:\/\/int.design\/fr\/#website\",\"url\":\"https:\/\/int.design\/fr\/\",\"name\":\"INT Design\",\"description\":\"\",\"potentialAction\":[{\"@type\":\"SearchAction\",\"target\":{\"@type\":\"EntryPoint\",\"urlTemplate\":\"https:\/\/int.design\/fr\/?s={search_term_string}\"},\"query-input\":\"required name=search_term_string\"}],\"inLanguage\":\"fr-FR\"}]}<\/script>\n<!-- \/ Yoast SEO plugin. -->","yoast_head_json":{"title":"GRANDS PRIX DU DESIGN - INT Design","description":"Un concours international qui c\u00e9l\u00e8bre l\u2019excellence en architecture, design int\u00e9rieur, paysage, immobilier, produit, communication et art. L\u2019appel de candidatures est ouvert aux professionnels, \u00e9tudiants, d\u00e9veloppeurs, entrepreneurs et manufacturiers du monde entier. Les laur\u00e9ats b\u00e9n\u00e9ficient d\u2019une visibilit\u00e9 exceptionnelle gr\u00e2ce \u00e0 nos publications, \u00e9v\u00e9nements et plateformes num\u00e9riques.des GRANDS PRIX DU DESIGN c\u00e9l\u00e8bre l\u2019excellence et le talent de cr\u00e9ateurs qui se sont d\u00e9marqu\u00e9s par une pratique exemplaire.","robots":{"index":"index","follow":"follow","max-snippet":"max-snippet:-1","max-image-preview":"max-image-preview:large","max-video-preview":"max-video-preview:-1"},"canonical":"https:\/\/int.design\/fr\/grands-prix-du-design\/le-concours\/","og_locale":"fr_FR","og_type":"article","og_title":"GRANDS PRIX DU DESIGN - INT Design","og_description":"Un concours international qui c\u00e9l\u00e8bre l\u2019excellence en architecture, design int\u00e9rieur, paysage, immobilier, produit, communication et art. L\u2019appel de candidatures est ouvert aux professionnels, \u00e9tudiants, d\u00e9veloppeurs, entrepreneurs et manufacturiers du monde entier. Les laur\u00e9ats b\u00e9n\u00e9ficient d\u2019une visibilit\u00e9 exceptionnelle gr\u00e2ce \u00e0 nos publications, \u00e9v\u00e9nements et plateformes num\u00e9riques.des GRANDS PRIX DU DESIGN c\u00e9l\u00e8bre l\u2019excellence et le talent de cr\u00e9ateurs qui se sont d\u00e9marqu\u00e9s par une pratique exemplaire.","og_url":"https:\/\/int.design\/fr\/grands-prix-du-design\/le-concours\/","og_site_name":"INT Design","article_modified_time":"2026-04-10T18:53:48+00:00","twitter_card":"summary_large_image","schema":{"@context":"https:\/\/schema.org","@graph":[{"@type":"WebPage","@id":"https:\/\/int.design\/fr\/grands-prix-du-design\/le-concours\/","url":"https:\/\/int.design\/fr\/grands-prix-du-design\/le-concours\/","name":"GRANDS PRIX DU DESIGN - INT Design","isPartOf":{"@id":"https:\/\/int.design\/fr\/#website"},"datePublished":"2020-03-06T20:57:50+00:00","dateModified":"2026-04-10T18:53:48+00:00","description":"Un concours international qui c\u00e9l\u00e8bre l\u2019excellence en architecture, design int\u00e9rieur, paysage, immobilier, produit, communication et art. L\u2019appel de candidatures est ouvert aux professionnels, \u00e9tudiants, d\u00e9veloppeurs, entrepreneurs et manufacturiers du monde entier. Les laur\u00e9ats b\u00e9n\u00e9ficient d\u2019une visibilit\u00e9 exceptionnelle gr\u00e2ce \u00e0 nos publications, \u00e9v\u00e9nements et plateformes num\u00e9riques.des GRANDS PRIX DU DESIGN c\u00e9l\u00e8bre l\u2019excellence et le talent de cr\u00e9ateurs qui se sont d\u00e9marqu\u00e9s par une pratique exemplaire.","breadcrumb":{"@id":"https:\/\/int.design\/fr\/grands-prix-du-design\/le-concours\/#breadcrumb"},"inLanguage":"fr-FR","potentialAction":[{"@type":"ReadAction","target":["https:\/\/int.design\/fr\/grands-prix-du-design\/le-concours\/"]}]},{"@type":"BreadcrumbList","@id":"https:\/\/int.design\/fr\/grands-prix-du-design\/le-concours\/#breadcrumb","itemListElement":[{"@type":"ListItem","position":1,"name":"Home","item":"https:\/\/int.design\/fr\/"},{"@type":"ListItem","position":2,"name":"Grands Prix du Design","item":"https:\/\/int.design\/fr\/grands-prix-du-design\/"},{"@type":"ListItem","position":3,"name":"Le concours"}]},{"@type":"WebSite","@id":"https:\/\/int.design\/fr\/#website","url":"https:\/\/int.design\/fr\/","name":"INT Design","description":"","potentialAction":[{"@type":"SearchAction","target":{"@type":"EntryPoint","urlTemplate":"https:\/\/int.design\/fr\/?s={search_term_string}"},"query-input":"required name=search_term_string"}],"inLanguage":"fr-FR"}]}},"_links":{"self":[{"href":"https:\/\/int.design\/fr\/wp-json\/wp\/v2\/pages\/1183","targetHints":{"allow":["GET"]}}],"collection":[{"href":"https:\/\/int.design\/fr\/wp-json\/wp\/v2\/pages"}],"about":[{"href":"https:\/\/int.design\/fr\/wp-json\/wp\/v2\/types\/page"}],"author":[{"embeddable":true,"href":"https:\/\/int.design\/fr\/wp-json\/wp\/v2\/users\/1"}],"replies":[{"embeddable":true,"href":"https:\/\/int.design\/fr\/wp-json\/wp\/v2\/comments?post=1183"}],"version-history":[{"count":2924,"href":"https:\/\/int.design\/fr\/wp-json\/wp\/v2\/pages\/1183\/revisions"}],"predecessor-version":[{"id":149279,"href":"https:\/\/int.design\/fr\/wp-json\/wp\/v2\/pages\/1183\/revisions\/149279"}],"up":[{"embeddable":true,"href":"https:\/\/int.design\/fr\/wp-json\/wp\/v2\/pages\/75785"}],"wp:attachment":[{"href":"https:\/\/int.design\/fr\/wp-json\/wp\/v2\/media?parent=1183"}],"wp:term":[{"taxonomy":"contest_category","embeddable":true,"href":"https:\/\/int.design\/fr\/wp-json\/wp\/v2\/contest_category?post=1183"}],"curies":[{"name":"wp","href":"https:\/\/api.w.org\/{rel}","templated":true}]}}