{"id":1660,"date":"2020-03-06T15:57:54","date_gmt":"2020-03-10T17:14:30","guid":{"rendered":"https:\/\/int.design\/events\/salon-du-design\/conferences\/logiciel-sketchup-maitrisez-les-bases-1\/"},"modified":"2020-03-06T15:57:54","modified_gmt":"2020-03-10T17:14:30","slug":"logiciel-sketchup-maitrisez-les-bases-1","status":"publish","type":"page","link":"https:\/\/int.design\/en\/events\/salon-du-design\/conferences\/logiciel-sketchup-maitrisez-les-bases-1\/","title":{"rendered":"Logiciel SKETCHUP : Ma\u00eetrisez les bases 1"},"content":{"rendered":"<p>Levez le voile sur SKETCHUP Pro, ce logiciel \u00e9tonnant de versatilit\u00e9 et ses multiples possibilit\u00e9s permettant la pr\u00e9sentation de projets d\u2019am\u00e9nagement en 3D un temps record.<\/p>\n<p>Sketchup est tr\u00e8s convivial, mais demande tout-de-m\u00eame une approche m\u00e9thodique pour maximiser la performance dans son utilisation. Les r\u00e9sultats sont ainsi hautement adaptables. Les principes de base seront ici expliqu\u00e9s pour permettre une mod\u00e9lisation efficace.<\/p>\n","protected":false},"excerpt":{"rendered":"<p>Levez le voile sur SKETCHUP Pro, ce logiciel \u00e9tonnant de versatilit\u00e9 et ses multiples possibilit\u00e9s permettant la pr\u00e9sentation de projets d\u2019am\u00e9nagement en 3D un temps record. Sketchup est tr\u00e8s convivial, mais demande tout-de-m\u00eame une approche m\u00e9thodique pour maximiser la performance dans son utilisation. Les r\u00e9sultats sont ainsi hautement adaptables. Les principes de base seront ici &hellip; <a href=\"https:\/\/int.design\/en\/events\/salon-du-design\/conferences\/logiciel-sketchup-maitrisez-les-bases-1\/\">Continued<\/a><\/p>\n","protected":false},"author":1,"featured_media":0,"parent":1203,"menu_order":0,"comment_status":"closed","ping_status":"closed","template":"views\/template-event-conference-detail.blade.php","meta":{"content-type":"","footnotes":""},"contest_category":[],"class_list":["post-1660","page","type-page","status-publish","hentry"],"acf":[],"yoast_head":"<!-- This site is optimized with the Yoast SEO plugin v21.5 - https:\/\/yoast.com\/wordpress\/plugins\/seo\/ -->\n<title>Logiciel SKETCHUP : Ma\u00eetrisez les bases 1 - INT Design<\/title>\n<meta name=\"robots\" content=\"index, follow, max-snippet:-1, max-image-preview:large, max-video-preview:-1\" \/>\n<link rel=\"canonical\" href=\"https:\/\/int.design\/en\/events\/salon-du-design\/conferences\/logiciel-sketchup-maitrisez-les-bases-1\/\" \/>\n<meta property=\"og:locale\" content=\"en_US\" \/>\n<meta property=\"og:type\" content=\"article\" \/>\n<meta property=\"og:title\" content=\"Logiciel SKETCHUP : Ma\u00eetrisez les bases 1 - INT Design\" \/>\n<meta property=\"og:description\" content=\"Levez le voile sur SKETCHUP Pro, ce logiciel \u00e9tonnant de versatilit\u00e9 et ses multiples possibilit\u00e9s permettant la pr\u00e9sentation de projets d\u2019am\u00e9nagement en 3D un temps record. Sketchup est tr\u00e8s convivial, mais demande tout-de-m\u00eame une approche m\u00e9thodique pour maximiser la performance dans son utilisation. Les r\u00e9sultats sont ainsi hautement adaptables. Les principes de base seront ici &hellip; Continued\" \/>\n<meta property=\"og:url\" content=\"https:\/\/int.design\/en\/events\/salon-du-design\/conferences\/logiciel-sketchup-maitrisez-les-bases-1\/\" \/>\n<meta property=\"og:site_name\" content=\"INT Design\" \/>\n<meta name=\"twitter:card\" content=\"summary_large_image\" \/>\n<script type=\"application\/ld+json\" class=\"yoast-schema-graph\">{\"@context\":\"https:\/\/schema.org\",\"@graph\":[{\"@type\":\"WebPage\",\"@id\":\"https:\/\/int.design\/en\/events\/salon-du-design\/conferences\/logiciel-sketchup-maitrisez-les-bases-1\/\",\"url\":\"https:\/\/int.design\/en\/events\/salon-du-design\/conferences\/logiciel-sketchup-maitrisez-les-bases-1\/\",\"name\":\"Logiciel SKETCHUP : Ma\u00eetrisez les bases 1 - INT Design\",\"isPartOf\":{\"@id\":\"https:\/\/int.design\/fr\/#website\"},\"datePublished\":\"2020-03-10T17:14:30+00:00\",\"dateModified\":\"2020-03-10T17:14:30+00:00\",\"breadcrumb\":{\"@id\":\"https:\/\/int.design\/en\/events\/salon-du-design\/conferences\/logiciel-sketchup-maitrisez-les-bases-1\/#breadcrumb\"},\"inLanguage\":\"en-US\",\"potentialAction\":[{\"@type\":\"ReadAction\",\"target\":[\"https:\/\/int.design\/en\/events\/salon-du-design\/conferences\/logiciel-sketchup-maitrisez-les-bases-1\/\"]}]},{\"@type\":\"BreadcrumbList\",\"@id\":\"https:\/\/int.design\/en\/events\/salon-du-design\/conferences\/logiciel-sketchup-maitrisez-les-bases-1\/#breadcrumb\",\"itemListElement\":[{\"@type\":\"ListItem\",\"position\":1,\"name\":\"Home\",\"item\":\"https:\/\/int.design\/en\/\"},{\"@type\":\"ListItem\",\"position\":2,\"name\":\"Events\",\"item\":\"https:\/\/int.design\/en\/events\/\"},{\"@type\":\"ListItem\",\"position\":3,\"name\":\"Salon du design\",\"item\":\"https:\/\/int.design\/en\/?page_id=1197\"},{\"@type\":\"ListItem\",\"position\":4,\"name\":\"Conferences\",\"item\":\"https:\/\/int.design\/en\/?page_id=1203\"},{\"@type\":\"ListItem\",\"position\":5,\"name\":\"Logiciel SKETCHUP : Ma\u00eetrisez les bases 1\"}]},{\"@type\":\"WebSite\",\"@id\":\"https:\/\/int.design\/fr\/#website\",\"url\":\"https:\/\/int.design\/fr\/\",\"name\":\"INT Design\",\"description\":\"\",\"potentialAction\":[{\"@type\":\"SearchAction\",\"target\":{\"@type\":\"EntryPoint\",\"urlTemplate\":\"https:\/\/int.design\/fr\/?s={search_term_string}\"},\"query-input\":\"required name=search_term_string\"}],\"inLanguage\":\"en-US\"}]}<\/script>\n<!-- \/ Yoast SEO plugin. -->","yoast_head_json":{"title":"Logiciel SKETCHUP : Ma\u00eetrisez les bases 1 - INT Design","robots":{"index":"index","follow":"follow","max-snippet":"max-snippet:-1","max-image-preview":"max-image-preview:large","max-video-preview":"max-video-preview:-1"},"canonical":"https:\/\/int.design\/en\/events\/salon-du-design\/conferences\/logiciel-sketchup-maitrisez-les-bases-1\/","og_locale":"en_US","og_type":"article","og_title":"Logiciel SKETCHUP : Ma\u00eetrisez les bases 1 - INT Design","og_description":"Levez le voile sur SKETCHUP Pro, ce logiciel \u00e9tonnant de versatilit\u00e9 et ses multiples possibilit\u00e9s permettant la pr\u00e9sentation de projets d\u2019am\u00e9nagement en 3D un temps record. Sketchup est tr\u00e8s convivial, mais demande tout-de-m\u00eame une approche m\u00e9thodique pour maximiser la performance dans son utilisation. Les r\u00e9sultats sont ainsi hautement adaptables. Les principes de base seront ici &hellip; Continued","og_url":"https:\/\/int.design\/en\/events\/salon-du-design\/conferences\/logiciel-sketchup-maitrisez-les-bases-1\/","og_site_name":"INT Design","twitter_card":"summary_large_image","schema":{"@context":"https:\/\/schema.org","@graph":[{"@type":"WebPage","@id":"https:\/\/int.design\/en\/events\/salon-du-design\/conferences\/logiciel-sketchup-maitrisez-les-bases-1\/","url":"https:\/\/int.design\/en\/events\/salon-du-design\/conferences\/logiciel-sketchup-maitrisez-les-bases-1\/","name":"Logiciel SKETCHUP : Ma\u00eetrisez les bases 1 - INT Design","isPartOf":{"@id":"https:\/\/int.design\/fr\/#website"},"datePublished":"2020-03-10T17:14:30+00:00","dateModified":"2020-03-10T17:14:30+00:00","breadcrumb":{"@id":"https:\/\/int.design\/en\/events\/salon-du-design\/conferences\/logiciel-sketchup-maitrisez-les-bases-1\/#breadcrumb"},"inLanguage":"en-US","potentialAction":[{"@type":"ReadAction","target":["https:\/\/int.design\/en\/events\/salon-du-design\/conferences\/logiciel-sketchup-maitrisez-les-bases-1\/"]}]},{"@type":"BreadcrumbList","@id":"https:\/\/int.design\/en\/events\/salon-du-design\/conferences\/logiciel-sketchup-maitrisez-les-bases-1\/#breadcrumb","itemListElement":[{"@type":"ListItem","position":1,"name":"Home","item":"https:\/\/int.design\/en\/"},{"@type":"ListItem","position":2,"name":"Events","item":"https:\/\/int.design\/en\/events\/"},{"@type":"ListItem","position":3,"name":"Salon du design","item":"https:\/\/int.design\/en\/?page_id=1197"},{"@type":"ListItem","position":4,"name":"Conferences","item":"https:\/\/int.design\/en\/?page_id=1203"},{"@type":"ListItem","position":5,"name":"Logiciel SKETCHUP : Ma\u00eetrisez les bases 1"}]},{"@type":"WebSite","@id":"https:\/\/int.design\/fr\/#website","url":"https:\/\/int.design\/fr\/","name":"INT Design","description":"","potentialAction":[{"@type":"SearchAction","target":{"@type":"EntryPoint","urlTemplate":"https:\/\/int.design\/fr\/?s={search_term_string}"},"query-input":"required name=search_term_string"}],"inLanguage":"en-US"}]}},"_links":{"self":[{"href":"https:\/\/int.design\/en\/wp-json\/wp\/v2\/pages\/1660","targetHints":{"allow":["GET"]}}],"collection":[{"href":"https:\/\/int.design\/en\/wp-json\/wp\/v2\/pages"}],"about":[{"href":"https:\/\/int.design\/en\/wp-json\/wp\/v2\/types\/page"}],"author":[{"embeddable":true,"href":"https:\/\/int.design\/en\/wp-json\/wp\/v2\/users\/1"}],"replies":[{"embeddable":true,"href":"https:\/\/int.design\/en\/wp-json\/wp\/v2\/comments?post=1660"}],"version-history":[{"count":0,"href":"https:\/\/int.design\/en\/wp-json\/wp\/v2\/pages\/1660\/revisions"}],"up":[{"embeddable":true,"href":"https:\/\/int.design\/en\/wp-json\/wp\/v2\/pages\/1203"}],"wp:attachment":[{"href":"https:\/\/int.design\/en\/wp-json\/wp\/v2\/media?parent=1660"}],"wp:term":[{"taxonomy":"contest_category","embeddable":true,"href":"https:\/\/int.design\/en\/wp-json\/wp\/v2\/contest_category?post=1660"}],"curies":[{"name":"wp","href":"https:\/\/api.w.org\/{rel}","templated":true}]}}